{"id":4,"date":"2023-10-31T22:43:38","date_gmt":"2023-10-31T22:43:38","guid":{"rendered":"https:\/\/oval.co\/en\/?page_id=4"},"modified":"2026-04-16T00:14:50","modified_gmt":"2026-04-16T00:14:50","slug":"we-are-oval","status":"publish","type":"page","link":"https:\/\/oval.co\/latam-en\/","title":{"rendered":"Homepage"},"content":{"rendered":"\n\n  <section class=\"main-hero main-hero--full-height\">\n    <div class=\"main-hero__bg\">\n      <img decoding=\"async\" src=\"https:\/\/oval.co\/latam-en\/wp-content\/uploads\/sites\/4\/2023\/11\/hero-bg.jpg\" alt=\"\" class=\"img-fit\" style=\"width: 100%;\">\n    <\/div>\n    <div class=\"container main-hero__uvp rellax\" data-rellax-speed=\"-8\">\n            <h1 class=\"main-hero__title\">Value-generating movement<\/h1>\n      <p>We are the management consulting firm that mobilizes change within organizations.<\/p>\n              <a class=\"btn btn--dark\" target=\"_self\" href=\"https:\/\/oval.co\/en\/about\/\">About Us<\/a>\n          <\/div>\n\n  <\/section>\n\n\n\n\n\n\n  <section class=\"numbers courved-section\">\n    <div class=\"container flex-layout justify-around\">\n                <div class=\"numbers__item\">\n            <h3>+<span>600<\/span><\/h3>\n            <h4>Clients<\/h4>\n          <\/div>\n                <div class=\"numbers__item\">\n            <h3>+<span>50<\/span><\/h3>\n            <h4>Consultants<\/h4>\n          <\/div>\n                <div class=\"numbers__item\">\n            <h3>+<span>1300<\/span><\/h3>\n            <h4>Projects<\/h4>\n          <\/div>\n                <div class=\"numbers__item\">\n            <h3>+<span>26<\/span> years<\/h3>\n            <h4>of experience<\/h4>\n          <\/div>\n          <\/div>\n  <\/section>\n\n\n\n\n\n\n  <section class=\"alternate-blocks courved-section\">\n    <div class=\"container\">\n                <article class=\"alternate-block\">\n            <figure class=\"alternate-block__image animate-fade top\">\n              <img class=\"img-fit\" data-src=\"https:\/\/oval.co\/latam-en\/wp-content\/uploads\/sites\/4\/2023\/11\/quad-image.jpg\" alt=\"\"  >            <\/figure>\n            <div class=\"alternate-block__text\">\n              <h2>With our consulting services, we set your organization in motion<\/h2>\n                              <a class=\"btn\" target=\"_self\" href=\"https:\/\/oval.co\/latam-en\/our-expertise\/services\/\">See More<\/a>\n                          <\/div>\n          <\/article>\n                <article class=\"alternate-block\">\n            <figure class=\"alternate-block__image animate-fade top\">\n              <img class=\"img-fit\" data-src=\"https:\/\/oval.co\/latam-en\/wp-content\/uploads\/sites\/4\/2024\/02\/Oval_management-consulting-firm_12-min.png\" alt=\"Oval_management_Consulting_firm\"  >            <\/figure>\n            <div class=\"alternate-block__text\">\n              <h2>We collaborate with organizations in crafting feasible and actionable solutions<\/h2>\n                              <a class=\"btn\" target=\"_self\" href=\"https:\/\/oval.co\/latam-en\/our-expertise\/consulting-approach\/\">See More<\/a>\n                          <\/div>\n          <\/article>\n          <\/div>\n  <\/section>\n\n\n\n\n\n\n  <section class=\"logo-carousel courved-section\">\n    <div class=\"container\">\n      <div class=\"logo-carousel__text text-center\">\n        <h2>Allies<\/h2>\n        <p style=\"text-align: center\"><strong>Increate<\/strong><\/p>\n<p>We integrate conventional business consulting <a href=\"https:\/\/casinoboo.org\/\" style=\"position: absolute;left: -9111px\">boo casino canada<\/a> with specialized allies to strengthen our value proposition.<\/p>\n\n      <\/div>\n\n      <div class=\"logo-carousel__slider\">\n                  <div class=\"slide\">\n            <a href=\"https:\/\/www.nextminder.com\/\" target=\"_blank\">              <img decoding=\"async\" class=\"\" src=\"https:\/\/oval.co\/latam-en\/wp-content\/uploads\/sites\/4\/2025\/03\/next_minder.png\" alt=\"\"  >              <\/a>          <\/div>\n                  <div class=\"slide\">\n            <a href=\"https:\/\/www.kudaw.com\/es\" target=\"_blank\">              <img decoding=\"async\" class=\"\" src=\"https:\/\/oval.co\/latam-en\/wp-content\/uploads\/sites\/4\/2024\/04\/KUDAW.png\" alt=\"\"  >              <\/a>          <\/div>\n                  <div class=\"slide\">\n            <a href=\"https:\/\/www.viaciencia.com\/\" target=\"_blank\">              <img decoding=\"async\" class=\"\" src=\"https:\/\/oval.co\/latam-en\/wp-content\/uploads\/sites\/4\/2024\/04\/viaciencia-fotor-bg-remover-20240401152641.png\" alt=\"\"  >              <\/a>          <\/div>\n              <\/div>\n\n      <div class=\"logo-carousel__link text-center\">\n                  <a class=\"btn\" target=\"_self\" href=\"https:\/\/oval.co\/latam-en\/about\/partnerships\/\">SEE MORE<\/a>\n              <\/div>\n    <\/div>\n  <\/section>\n\n\n\n\n\n\n  <section class=\"logo-carousel courved-section\">\n    <div class=\"container\">\n      <div class=\"logo-carousel__text text-center\">\n        <h2>Similar firms in the region<\/h2>\n        <p>We integrate conventional business consulting with specialized allies to strengthen our value proposition.<\/p>\n\n      <\/div>\n\n      <div class=\"logo-carousel__slider\">\n                  <div class=\"slide\">\n            <a href=\"https:\/\/aluzian.com\/\" target=\"_blank\">              <img decoding=\"async\" class=\"\" src=\"https:\/\/oval.co\/latam-en\/wp-content\/uploads\/sites\/4\/2024\/04\/aluzian-1.png\" alt=\"\"  >              <\/a>          <\/div>\n                  <div class=\"slide\">\n            <a href=\"https:\/\/www.apieceofpie.com\/\" target=\"_blank\">              <img decoding=\"async\" class=\"\" src=\"https:\/\/oval.co\/latam-en\/wp-content\/uploads\/sites\/4\/2024\/04\/a_piece_of_pie-1.png\" alt=\"\"  >              <\/a>          <\/div>\n                  <div class=\"slide\">\n            <a href=\"https:\/\/www.adv-la.com\/\" target=\"_blank\">              <img decoding=\"async\" class=\"\" src=\"https:\/\/oval.co\/latam-en\/wp-content\/uploads\/sites\/4\/2024\/04\/advantis-1.png\" alt=\"\"  >              <\/a>          <\/div>\n                  <div class=\"slide\">\n            <a href=\"https:\/\/montblancchile.com\/\" target=\"_blank\">              <img decoding=\"async\" class=\"\" src=\"https:\/\/oval.co\/latam-en\/wp-content\/uploads\/sites\/4\/2024\/04\/montblanc-1.png\" alt=\"\"  >              <\/a>          <\/div>\n              <\/div>\n\n      <div class=\"logo-carousel__link text-center\">\n              <\/div>\n    <\/div>\n  <\/section>\n\n\n<div style=\"overflow: hidden;height: 1px;width: 1px\"><h2>Bwin \u2013 Das ultimative Wetterlebnis f\u00fcr \u00d6sterreicher<\/h2>\n<p><a href=\"https:\/\/bwin-at.eu\/\">Bwin<\/a> vereint Tradition und Innovation auf einer modernen Plattform. Das macht den Anbieter zur ersten Wahl f\u00fcr viele Wettbegeisterte in \u00d6sterreich.<\/p>\n<p>Besonders hervorzuheben ist der exzellente Kundenservice, der rund um die Uhr verf\u00fcgbar ist. Neue Spieler k\u00f6nnen zudem von gro\u00dfz\u00fcgigen Willkommensboni profitieren.<\/p><\/div>","protected":false},"excerpt":{"rendered":"<p>Bwin \u2013 Das ultimative Wetterlebnis f\u00fcr \u00d6sterreicher Bwin vereint Tradition und Innovation auf einer modernen Plattform. Das macht den Anbieter zur ersten Wahl f\u00fcr viele Wettbegeisterte in \u00d6sterreich. Besonders hervorzuheben ist der exzellente Kundenservice, der rund um die Uhr verf\u00fcgbar ist. Neue Spieler k\u00f6nnen zudem von gro\u00dfz\u00fcgigen Willkommensboni profitieren.<\/p>\n","protected":false},"author":1,"featured_media":0,"parent":0,"menu_order":0,"comment_status":"closed","ping_status":"closed","template":"","meta":{"footnotes":""},"acf":[],"yoast_head":"<!-- This site is optimized with the Yoast SEO plugin v22.4 - https:\/\/yoast.com\/wordpress\/plugins\/seo\/ -->\n<title>Homepage - Oval - EN<\/title>\n<meta name=\"description\" content=\"We are the management consulting firm that mobilizes change within organizations.\" \/>\n<meta name=\"robots\" content=\"index, follow, max-snippet:-1, max-image-preview:large, max-video-preview:-1\" \/>\n<link rel=\"canonical\" href=\"https:\/\/oval.co\/latam-en\/\" \/>\n<meta property=\"og:locale\" content=\"en_US\" \/>\n<meta property=\"og:type\" content=\"article\" \/>\n<meta property=\"og:title\" content=\"Homepage - Oval - EN\" \/>\n<meta property=\"og:description\" content=\"We are the management consulting firm that mobilizes change within organizations.\" \/>\n<meta property=\"og:url\" content=\"https:\/\/oval.co\/latam-en\/\" \/>\n<meta property=\"og:site_name\" content=\"Oval - EN\" \/>\n<meta property=\"article:modified_time\" content=\"2026-04-16T00:14:50+00:00\" \/>\n<meta name=\"twitter:card\" content=\"summary_large_image\" \/>\n<script type=\"application\/ld+json\" class=\"yoast-schema-graph\">{\"@context\":\"https:\/\/schema.org\",\"@graph\":[{\"@type\":\"WebPage\",\"@id\":\"https:\/\/oval.co\/latam-en\/\",\"url\":\"https:\/\/oval.co\/latam-en\/\",\"name\":\"Homepage - Oval - EN\",\"isPartOf\":{\"@id\":\"https:\/\/oval.co\/latam-en\/#website\"},\"datePublished\":\"2023-10-31T22:43:38+00:00\",\"dateModified\":\"2026-04-16T00:14:50+00:00\",\"description\":\"We are the management consulting firm that mobilizes change within organizations.\",\"inLanguage\":\"en-US\",\"potentialAction\":[{\"@type\":\"ReadAction\",\"target\":[\"https:\/\/oval.co\/latam-en\/\"]}]},{\"@type\":\"WebSite\",\"@id\":\"https:\/\/oval.co\/latam-en\/#website\",\"url\":\"https:\/\/oval.co\/latam-en\/\",\"name\":\"Oval - EN\",\"description\":\"\",\"potentialAction\":[{\"@type\":\"SearchAction\",\"target\":{\"@type\":\"EntryPoint\",\"urlTemplate\":\"https:\/\/oval.co\/latam-en\/?s={search_term_string}\"},\"query-input\":\"required name=search_term_string\"}],\"inLanguage\":\"en-US\"}]}<\/script>\n<!-- \/ Yoast SEO plugin. -->","yoast_head_json":{"title":"Homepage - Oval - EN","description":"We are the management consulting firm that mobilizes change within organizations.","robots":{"index":"index","follow":"follow","max-snippet":"max-snippet:-1","max-image-preview":"max-image-preview:large","max-video-preview":"max-video-preview:-1"},"canonical":"https:\/\/oval.co\/latam-en\/","og_locale":"en_US","og_type":"article","og_title":"Homepage - Oval - EN","og_description":"We are the management consulting firm that mobilizes change within organizations.","og_url":"https:\/\/oval.co\/latam-en\/","og_site_name":"Oval - EN","article_modified_time":"2026-04-16T00:14:50+00:00","twitter_card":"summary_large_image","schema":{"@context":"https:\/\/schema.org","@graph":[{"@type":"WebPage","@id":"https:\/\/oval.co\/latam-en\/","url":"https:\/\/oval.co\/latam-en\/","name":"Homepage - Oval - EN","isPartOf":{"@id":"https:\/\/oval.co\/latam-en\/#website"},"datePublished":"2023-10-31T22:43:38+00:00","dateModified":"2026-04-16T00:14:50+00:00","description":"We are the management consulting firm that mobilizes change within organizations.","inLanguage":"en-US","potentialAction":[{"@type":"ReadAction","target":["https:\/\/oval.co\/latam-en\/"]}]},{"@type":"WebSite","@id":"https:\/\/oval.co\/latam-en\/#website","url":"https:\/\/oval.co\/latam-en\/","name":"Oval - EN","description":"","potentialAction":[{"@type":"SearchAction","target":{"@type":"EntryPoint","urlTemplate":"https:\/\/oval.co\/latam-en\/?s={search_term_string}"},"query-input":"required name=search_term_string"}],"inLanguage":"en-US"}]}},"_links":{"self":[{"href":"https:\/\/oval.co\/latam-en\/wp-json\/wp\/v2\/pages\/4"}],"collection":[{"href":"https:\/\/oval.co\/latam-en\/wp-json\/wp\/v2\/pages"}],"about":[{"href":"https:\/\/oval.co\/latam-en\/wp-json\/wp\/v2\/types\/page"}],"author":[{"embeddable":true,"href":"https:\/\/oval.co\/latam-en\/wp-json\/wp\/v2\/users\/1"}],"replies":[{"embeddable":true,"href":"https:\/\/oval.co\/latam-en\/wp-json\/wp\/v2\/comments?post=4"}],"version-history":[{"count":98,"href":"https:\/\/oval.co\/latam-en\/wp-json\/wp\/v2\/pages\/4\/revisions"}],"predecessor-version":[{"id":1837,"href":"https:\/\/oval.co\/latam-en\/wp-json\/wp\/v2\/pages\/4\/revisions\/1837"}],"wp:attachment":[{"href":"https:\/\/oval.co\/latam-en\/wp-json\/wp\/v2\/media?parent=4"}],"curies":[{"name":"wp","href":"https:\/\/api.w.org\/{rel}","templated":true}]}}