{"id":13,"date":"2023-10-31T22:45:25","date_gmt":"2023-10-31T22:45:25","guid":{"rendered":"https:\/\/oval.co\/latam-es\/?page_id=13"},"modified":"2024-03-15T17:48:53","modified_gmt":"2024-03-15T17:48:53","slug":"nuestro-equipo","status":"publish","type":"page","link":"https:\/\/oval.co\/latam-es\/nosotros\/nuestro-equipo\/","title":{"rendered":"Equipo"},"content":{"rendered":"\n\n  <section class=\"small-hero\">\n    <div class=\"container small-hero__uvp rellax\" data-rellax-speed=\"-8\">\n      <span> NOSOTROS<\/span>\n      <h1 class=\"small-hero__title\">Nuestro Equipo<\/h1>\n    <\/div>\n  <\/section>\n\n\n\n\n\n\n  <section class=\"text-quad text-center text-quad--light-blue courved-section title-size-70\">\n    <div class=\"container\">\n      <h2>Somos un equipo multidisciplinario de +50 consultores, con una experiencia que garantiza nuestro trabajo y nuestro prop\u00f3sito. #MovimientoQueGeneraValor<\/h2>\n          <\/div>\n\n  <\/section>\n\n\n\n\n\n\n  <section class=\"team courved-section\">\n\n    <div class=\"container\">\n      <div class=\"team__grid\">\n                  <a href=\"https:\/\/oval.co\/latam-es\/member\/camilo-navarrete\/\" class=\"team-item animate-fade top animate-delay-0\">\n            <figure class=\"team-item__image\">\n              <img data-src=\"https:\/\/oval.co\/latam-es\/wp-content\/uploads\/sites\/5\/2024\/02\/Oval_Camilo-Navarreta-min.png\" alt=\"Camilo Navarrete Oval\" class=\"img-fit\">\n              <div class=\"team-item__more\">VER M\u00c1S<\/div>\n            <\/figure>\n            <h3>Camilo Navarrete<\/h3>\n            <h4>SOCIO SENIOR<\/h4>\n            <p>M\u00e1s de 30 a\u00f1os de experiencia en consultor\u00eda en toda Am\u00e9rica Latina.<\/p>\n          <\/a>\n                  <a href=\"https:\/\/oval.co\/latam-es\/member\/camilo-toro\/\" class=\"team-item animate-fade top animate-delay-1\">\n            <figure class=\"team-item__image\">\n              <img data-src=\"https:\/\/oval.co\/latam-es\/wp-content\/uploads\/sites\/5\/2024\/02\/Oval_Camilo-Toro-min.png\" alt=\"Camilo Toro_Oval\" class=\"img-fit\">\n              <div class=\"team-item__more\">VER M\u00c1S<\/div>\n            <\/figure>\n            <h3>Camilo Toro<\/h3>\n            <h4>SOCIO SENIOR<\/h4>\n            <p>M\u00e1s de 33 a\u00f1os de experiencia con \u00e9nfasis en el desarrollo estrat\u00e9gico y la consultor\u00eda de gesti\u00f3n.\n<\/p>\n          <\/a>\n                  <a href=\"https:\/\/oval.co\/latam-es\/member\/helena-pareja\/\" class=\"team-item animate-fade top animate-delay-2\">\n            <figure class=\"team-item__image\">\n              <img data-src=\"https:\/\/oval.co\/latam-es\/wp-content\/uploads\/sites\/5\/2024\/02\/OVal_Helena-Pareja-min.png\" alt=\"Helena Pareja Oval\" class=\"img-fit\">\n              <div class=\"team-item__more\">VER M\u00c1S<\/div>\n            <\/figure>\n            <h3>Helena Pareja<\/h3>\n            <h4>SOCIO<\/h4>\n            <p>M\u00e1s de 22 a\u00f1os de experiencia en consultor\u00eda y m\u00e1s de 70 proyectos.<\/p>\n          <\/a>\n                  <a href=\"https:\/\/oval.co\/latam-es\/member\/paola-rondon\/\" class=\"team-item animate-fade top animate-delay-0\">\n            <figure class=\"team-item__image\">\n              <img data-src=\"https:\/\/oval.co\/latam-es\/wp-content\/uploads\/sites\/5\/2024\/01\/Paola_Rondo_OVAL.png\" alt=\"\" class=\"img-fit\">\n              <div class=\"team-item__more\">VER M\u00c1S<\/div>\n            <\/figure>\n            <h3>Paola Rond\u00f3n<\/h3>\n            <h4>SOCIO<\/h4>\n            <p>M\u00e1s de 17 a\u00f1os en consultor\u00eda en Colombia y Am\u00e9rica Latina.<\/p>\n          <\/a>\n                  <a href=\"https:\/\/oval.co\/latam-es\/member\/camilo-manrique\/\" class=\"team-item animate-fade top animate-delay-1\">\n            <figure class=\"team-item__image\">\n              <img data-src=\"https:\/\/oval.co\/latam-es\/wp-content\/uploads\/sites\/5\/2024\/02\/Oval_-Camilo-Manrique-min.png\" alt=\"\" class=\"img-fit\">\n              <div class=\"team-item__more\">VER M\u00c1S<\/div>\n            <\/figure>\n            <h3>Camilo Manrique<\/h3>\n            <h4>SOCIO<\/h4>\n            <p>20 a\u00f1os de experiencia en consultor\u00eda liderado m\u00e1s de 100 proyectos en diversas industrias. <\/p>\n          <\/a>\n                  <a href=\"https:\/\/oval.co\/latam-es\/member\/andres-botia\/\" class=\"team-item animate-fade top animate-delay-2\">\n            <figure class=\"team-item__image\">\n              <img data-src=\"https:\/\/oval.co\/latam-es\/wp-content\/uploads\/sites\/5\/2024\/02\/Oval_Andres-Botia-min.png\" alt=\"Andres Botia\" class=\"img-fit\">\n              <div class=\"team-item__more\">VER M\u00c1S<\/div>\n            <\/figure>\n            <h3>Andr\u00e9s Botia<\/h3>\n            <h4>SOCIO<\/h4>\n            <p>Con m\u00e1s de 14 a\u00f1os de experiencia en consultor\u00eda en Colombia, Centroam\u00e9rica y la Regi\u00f3n Andina<\/p>\n          <\/a>\n                  <a href=\"https:\/\/oval.co\/latam-es\/member\/angela-velasquez\/\" class=\"team-item animate-fade top animate-delay-0\">\n            <figure class=\"team-item__image\">\n              <img data-src=\"https:\/\/oval.co\/latam-es\/wp-content\/uploads\/sites\/5\/2024\/02\/Oval_Angela-Velasquez-min.png\" alt=\"Angela Velasquez _Oval\" class=\"img-fit\">\n              <div class=\"team-item__more\">VER M\u00c1S<\/div>\n            <\/figure>\n            <h3>\u00c1ngela Vel\u00e1squez<\/h3>\n            <h4>SOCIO<\/h4>\n            <p>16 a\u00f1os de experiencia en consultor\u00eda en Colombia y la Regi\u00f3n Andina.<\/p>\n          <\/a>\n                  <a href=\"https:\/\/oval.co\/latam-es\/member\/rosie-best\/\" class=\"team-item animate-fade top animate-delay-1\">\n            <figure class=\"team-item__image\">\n              <img data-src=\"https:\/\/oval.co\/latam-es\/wp-content\/uploads\/sites\/5\/2024\/02\/Oval-Rosie-Best-min.png\" alt=\"Rosie Best_Oval\" class=\"img-fit\">\n              <div class=\"team-item__more\">VER M\u00c1S<\/div>\n            <\/figure>\n            <h3>Rosie Best<\/h3>\n            <h4>DIRECTOR<\/h4>\n            <p>M\u00e1s de 14 a\u00f1os de experiencia en consultor\u00eda estrat\u00e9gica gerencial en Colombia y la Regi\u00f3n Andina.<\/p>\n          <\/a>\n                  <a href=\"https:\/\/oval.co\/latam-es\/member\/maria-cristina-palacio\/\" class=\"team-item animate-fade top animate-delay-2\">\n            <figure class=\"team-item__image\">\n              <img data-src=\"https:\/\/oval.co\/latam-es\/wp-content\/uploads\/sites\/5\/2024\/02\/Oval_Maria-Cristina-Palacio-min.png\" alt=\"Maria Cristina Palacio _Oval\" class=\"img-fit\">\n              <div class=\"team-item__more\">VER M\u00c1S<\/div>\n            <\/figure>\n            <h3>Mar\u00eda Cristina Palacio<\/h3>\n            <h4>GERENTE SENIOR<\/h4>\n            <p>M\u00e1s de 13 a\u00f1os de experiencia en consultor\u00eda en Colombia, Centroam\u00e9rica y la Regi\u00f3n Andina.<\/p>\n          <\/a>\n                  <a href=\"https:\/\/oval.co\/latam-es\/member\/ana-maria-gutierrez\/\" class=\"team-item animate-fade top animate-delay-0\">\n            <figure class=\"team-item__image\">\n              <img data-src=\"https:\/\/oval.co\/latam-es\/wp-content\/uploads\/sites\/5\/2024\/02\/Oval_Ana-Maria-Guitierrez-min.png\" alt=\"Ana Maria Guitierrez - OVal\" class=\"img-fit\">\n              <div class=\"team-item__more\">VER M\u00c1S<\/div>\n            <\/figure>\n            <h3>Ana Mar\u00eda Guti\u00e9rrez<\/h3>\n            <h4>GERENTE SENIOR<\/h4>\n            <p>M\u00e1s de 13 a\u00f1os de experiencia en consultor\u00eda en Colombia, Centroam\u00e9rica y el Caribe.<\/p>\n          <\/a>\n                  <a href=\"https:\/\/oval.co\/latam-es\/member\/jose-ignacio-casanova\/\" class=\"team-item animate-fade top animate-delay-1\">\n            <figure class=\"team-item__image\">\n              <img data-src=\"https:\/\/oval.co\/latam-es\/wp-content\/uploads\/sites\/5\/2024\/02\/OVal_Jose-Ignacio-Casanova-min.png\" alt=\"\" class=\"img-fit\">\n              <div class=\"team-item__more\">VER M\u00c1S<\/div>\n            <\/figure>\n            <h3>Jos\u00e9 Ignacio Casanova<\/h3>\n            <h4>GERENTE<\/h4>\n            <p>M\u00e1s de 13 a\u00f1os de experiencia en consultor\u00eda en LATAM y Estados Unidos.<\/p>\n          <\/a>\n                  <a href=\"https:\/\/oval.co\/latam-es\/member\/camila-melo\/\" class=\"team-item animate-fade top animate-delay-2\">\n            <figure class=\"team-item__image\">\n              <img data-src=\"https:\/\/oval.co\/latam-es\/wp-content\/uploads\/sites\/5\/2024\/09\/camila_melo.png\" alt=\"\" class=\"img-fit\">\n              <div class=\"team-item__more\">VER M\u00c1S<\/div>\n            <\/figure>\n            <h3>Camila Melo<\/h3>\n            <h4>GERENTE<\/h4>\n            <p>M\u00e1s de 8 a\u00f1os de experiencia en consultor\u00eda en Colombia, Centroam\u00e9rica y el Caribe.<\/p>\n          <\/a>\n              <\/div>\n    <\/div>\n  <\/section>\n\n\n","protected":false},"excerpt":{"rendered":"","protected":false},"author":1,"featured_media":0,"parent":7,"menu_order":0,"comment_status":"closed","ping_status":"closed","template":"","meta":{"footnotes":""},"acf":[],"yoast_head":"<!-- This site is optimized with the Yoast SEO plugin v22.4 - https:\/\/yoast.com\/wordpress\/plugins\/seo\/ -->\n<title>Equipo - Oval - ES<\/title>\n<meta name=\"description\" content=\"Somos un equipo consultores, multidisciplinario, con una experiencia que garantiza nuestro trabajo y nuestro prop\u00f3sito.\" \/>\n<meta name=\"robots\" content=\"index, follow, max-snippet:-1, max-image-preview:large, max-video-preview:-1\" \/>\n<link rel=\"canonical\" href=\"https:\/\/oval.co\/latam-es\/nosotros\/nuestro-equipo\/\" \/>\n<meta property=\"og:locale\" content=\"es_ES\" \/>\n<meta property=\"og:type\" content=\"article\" \/>\n<meta property=\"og:title\" content=\"Equipo - Oval - ES\" \/>\n<meta property=\"og:description\" content=\"Somos un equipo consultores, multidisciplinario, con una experiencia que garantiza nuestro trabajo y nuestro prop\u00f3sito.\" \/>\n<meta property=\"og:url\" content=\"https:\/\/oval.co\/latam-es\/nosotros\/nuestro-equipo\/\" \/>\n<meta property=\"og:site_name\" content=\"Oval - ES\" \/>\n<meta property=\"article:modified_time\" content=\"2024-03-15T17:48:53+00:00\" \/>\n<meta name=\"twitter:card\" content=\"summary_large_image\" \/>\n<script type=\"application\/ld+json\" class=\"yoast-schema-graph\">{\"@context\":\"https:\/\/schema.org\",\"@graph\":[{\"@type\":\"WebPage\",\"@id\":\"https:\/\/oval.co\/latam-es\/nosotros\/nuestro-equipo\/\",\"url\":\"https:\/\/oval.co\/latam-es\/nosotros\/nuestro-equipo\/\",\"name\":\"Equipo - Oval - ES\",\"isPartOf\":{\"@id\":\"https:\/\/oval.co\/latam-es\/#website\"},\"datePublished\":\"2023-10-31T22:45:25+00:00\",\"dateModified\":\"2024-03-15T17:48:53+00:00\",\"description\":\"Somos un equipo consultores, multidisciplinario, con una experiencia que garantiza nuestro trabajo y nuestro prop\u00f3sito.\",\"breadcrumb\":{\"@id\":\"https:\/\/oval.co\/latam-es\/nosotros\/nuestro-equipo\/#breadcrumb\"},\"inLanguage\":\"es\",\"potentialAction\":[{\"@type\":\"ReadAction\",\"target\":[\"https:\/\/oval.co\/latam-es\/nosotros\/nuestro-equipo\/\"]}]},{\"@type\":\"BreadcrumbList\",\"@id\":\"https:\/\/oval.co\/latam-es\/nosotros\/nuestro-equipo\/#breadcrumb\",\"itemListElement\":[{\"@type\":\"ListItem\",\"position\":1,\"name\":\"Nosotros\",\"item\":\"https:\/\/oval.co\/latam-es\/nosotros\/\"},{\"@type\":\"ListItem\",\"position\":2,\"name\":\"Equipo\"}]},{\"@type\":\"WebSite\",\"@id\":\"https:\/\/oval.co\/latam-es\/#website\",\"url\":\"https:\/\/oval.co\/latam-es\/\",\"name\":\"Oval - ES\",\"description\":\"\",\"potentialAction\":[{\"@type\":\"SearchAction\",\"target\":{\"@type\":\"EntryPoint\",\"urlTemplate\":\"https:\/\/oval.co\/latam-es\/?s={search_term_string}\"},\"query-input\":\"required name=search_term_string\"}],\"inLanguage\":\"es\"}]}<\/script>\n<!-- \/ Yoast SEO plugin. -->","yoast_head_json":{"title":"Equipo - Oval - ES","description":"Somos un equipo consultores, multidisciplinario, con una experiencia que garantiza nuestro trabajo y nuestro prop\u00f3sito.","robots":{"index":"index","follow":"follow","max-snippet":"max-snippet:-1","max-image-preview":"max-image-preview:large","max-video-preview":"max-video-preview:-1"},"canonical":"https:\/\/oval.co\/latam-es\/nosotros\/nuestro-equipo\/","og_locale":"es_ES","og_type":"article","og_title":"Equipo - Oval - ES","og_description":"Somos un equipo consultores, multidisciplinario, con una experiencia que garantiza nuestro trabajo y nuestro prop\u00f3sito.","og_url":"https:\/\/oval.co\/latam-es\/nosotros\/nuestro-equipo\/","og_site_name":"Oval - ES","article_modified_time":"2024-03-15T17:48:53+00:00","twitter_card":"summary_large_image","schema":{"@context":"https:\/\/schema.org","@graph":[{"@type":"WebPage","@id":"https:\/\/oval.co\/latam-es\/nosotros\/nuestro-equipo\/","url":"https:\/\/oval.co\/latam-es\/nosotros\/nuestro-equipo\/","name":"Equipo - Oval - ES","isPartOf":{"@id":"https:\/\/oval.co\/latam-es\/#website"},"datePublished":"2023-10-31T22:45:25+00:00","dateModified":"2024-03-15T17:48:53+00:00","description":"Somos un equipo consultores, multidisciplinario, con una experiencia que garantiza nuestro trabajo y nuestro prop\u00f3sito.","breadcrumb":{"@id":"https:\/\/oval.co\/latam-es\/nosotros\/nuestro-equipo\/#breadcrumb"},"inLanguage":"es","potentialAction":[{"@type":"ReadAction","target":["https:\/\/oval.co\/latam-es\/nosotros\/nuestro-equipo\/"]}]},{"@type":"BreadcrumbList","@id":"https:\/\/oval.co\/latam-es\/nosotros\/nuestro-equipo\/#breadcrumb","itemListElement":[{"@type":"ListItem","position":1,"name":"Nosotros","item":"https:\/\/oval.co\/latam-es\/nosotros\/"},{"@type":"ListItem","position":2,"name":"Equipo"}]},{"@type":"WebSite","@id":"https:\/\/oval.co\/latam-es\/#website","url":"https:\/\/oval.co\/latam-es\/","name":"Oval - ES","description":"","potentialAction":[{"@type":"SearchAction","target":{"@type":"EntryPoint","urlTemplate":"https:\/\/oval.co\/latam-es\/?s={search_term_string}"},"query-input":"required name=search_term_string"}],"inLanguage":"es"}]}},"_links":{"self":[{"href":"https:\/\/oval.co\/latam-es\/wp-json\/wp\/v2\/pages\/13"}],"collection":[{"href":"https:\/\/oval.co\/latam-es\/wp-json\/wp\/v2\/pages"}],"about":[{"href":"https:\/\/oval.co\/latam-es\/wp-json\/wp\/v2\/types\/page"}],"author":[{"embeddable":true,"href":"https:\/\/oval.co\/latam-es\/wp-json\/wp\/v2\/users\/1"}],"replies":[{"embeddable":true,"href":"https:\/\/oval.co\/latam-es\/wp-json\/wp\/v2\/comments?post=13"}],"version-history":[{"count":24,"href":"https:\/\/oval.co\/latam-es\/wp-json\/wp\/v2\/pages\/13\/revisions"}],"predecessor-version":[{"id":1410,"href":"https:\/\/oval.co\/latam-es\/wp-json\/wp\/v2\/pages\/13\/revisions\/1410"}],"up":[{"embeddable":true,"href":"https:\/\/oval.co\/latam-es\/wp-json\/wp\/v2\/pages\/7"}],"wp:attachment":[{"href":"https:\/\/oval.co\/latam-es\/wp-json\/wp\/v2\/media?parent=13"}],"curies":[{"name":"wp","href":"https:\/\/api.w.org\/{rel}","templated":true}]}}