{"id":15,"date":"2023-10-31T22:45:54","date_gmt":"2023-10-31T22:45:54","guid":{"rendered":"https:\/\/oval.co\/latam-es\/?page_id=15"},"modified":"2025-03-11T15:51:06","modified_gmt":"2025-03-11T15:51:06","slug":"partnerships","status":"publish","type":"page","link":"https:\/\/oval.co\/latam-es\/nosotros\/partnerships\/","title":{"rendered":"Alianzas"},"content":{"rendered":"\n\n  <section class=\"small-hero\">\n    <div class=\"container small-hero__uvp rellax\" data-rellax-speed=\"-8\">\n      <span> SOBRE NOSOTROS <\/span>\n      <h1 class=\"small-hero__title\">Alianzas<\/h1>\n    <\/div>\n  <\/section>\n\n\n\n\n\n\n  <section class=\"text-image-quad courved-section\">\n    <div class=\"flex-layout\">\n      <div class=\"text-image-quad__text\">\n        <div class=\"text-image-quad__text-inner\">\n          <h2>Alianzas y asociaciones estrat\u00e9gicas que le agregan valor a nuestra firma<\/h2>\n        <\/div>\n      <\/div>\n      <div class=\"text-image-quad__image\">\n        <img decoding=\"async\" class=\"img-fit\" src=\"https:\/\/oval.co\/latam-es\/wp-content\/uploads\/sites\/5\/2023\/11\/alliance.jpg\" alt=\"\"  >      <\/div>\n    <\/div>\n  <\/section>\n\n\n\n\n\n\n  <section class=\"numbers courved-section\">\n    <div class=\"container flex-layout justify-around\">\n                <div class=\"numbers__item\">\n            <h3><span>7<\/span><\/h3>\n            <h4>Aliados <\/h4>\n          <\/div>\n                <div class=\"numbers__item\">\n            <h3>+<span>700<\/span><\/h3>\n            <h4>Clientes Atendidos<\/h4>\n          <\/div>\n          <\/div>\n  <\/section>\n\n\n\n\n\n\n  <section class=\"logo-carousel courved-section\">\n    <div class=\"container\">\n      <div class=\"logo-carousel__text text-center\">\n        <h2>Increate<\/h2>\n        <p>Nuestras alianzas estrat\u00e9gicas nos permiten integrar nuestro servicio de consultor\u00eda gerencial con expertos en analytics, automatizaci\u00f3n e investigaci\u00f3n, fortaleciendo nuestra propuesta de valor para satisfacer las necesidades de cada proyecto.<\/p>\n\n      <\/div>\n\n      <div class=\"logo-carousel__slider\">\n                  <div class=\"slide\">\n            <a href=\"https:\/\/www.nextminder.com\/\" target=\"_blank\">              <img decoding=\"async\" class=\"\" src=\"https:\/\/oval.co\/latam-es\/wp-content\/uploads\/sites\/5\/2025\/03\/next_minder.png\" alt=\"\"  >              <\/a>          <\/div>\n                  <div class=\"slide\">\n            <a href=\"https:\/\/www.kudaw.com\/es\" target=\"_blank\">              <img decoding=\"async\" class=\"\" src=\"https:\/\/oval.co\/latam-es\/wp-content\/uploads\/sites\/5\/2024\/04\/KUDAW.png\" alt=\"\"  >              <\/a>          <\/div>\n                  <div class=\"slide\">\n            <a href=\"https:\/\/www.viaciencia.com\/\" target=\"_blank\">              <img decoding=\"async\" class=\"\" src=\"https:\/\/oval.co\/latam-es\/wp-content\/uploads\/sites\/5\/2024\/04\/viaciencia-fotor-bg-remover-20240401152641.png\" alt=\"\"  >              <\/a>          <\/div>\n              <\/div>\n\n      <div class=\"logo-carousel__link text-center\">\n              <\/div>\n    <\/div>\n  <\/section>\n\n\n\n\n\n\n  <section class=\"logo-carousel courved-section\">\n    <div class=\"container\">\n      <div class=\"logo-carousel__text text-center\">\n        <h2> A trav\u00e9s de nuestra red de firmas afines a Oval, fortalecemos nuestra oferta.<\/h2>\n        <p>Mantenemos asociaciones con empresas de consultor\u00eda de gesti\u00f3n que comparten nuestra visi\u00f3n y enriquecen nuestra propuesta de valor.<\/p>\n\n      <\/div>\n\n      <div class=\"logo-carousel__slider\">\n                  <div class=\"slide\">\n            <a href=\"https:\/\/aluzian.com\/\" target=\"_blank\">              <img decoding=\"async\" class=\"\" src=\"https:\/\/oval.co\/latam-es\/wp-content\/uploads\/sites\/5\/2024\/03\/Aluzian.png\" alt=\"\"  >              <\/a>          <\/div>\n                  <div class=\"slide\">\n            <a href=\" https:\/\/www.apieceofpie.com\/\" target=\"_blank\">              <img decoding=\"async\" class=\"\" src=\"https:\/\/oval.co\/latam-es\/wp-content\/uploads\/sites\/5\/2024\/03\/apieceofpie.png\" alt=\"\"  >              <\/a>          <\/div>\n                  <div class=\"slide\">\n            <a href=\"https:\/\/montblancchile.com\/\" target=\"_blank\">              <img decoding=\"async\" class=\"\" src=\"https:\/\/oval.co\/latam-es\/wp-content\/uploads\/sites\/5\/2024\/03\/Montblanc.png\" alt=\"\"  >              <\/a>          <\/div>\n                  <div class=\"slide\">\n            <a href=\"https:\/\/www.adv-la.com\/\" target=\"_blank\">              <img decoding=\"async\" class=\"\" src=\"https:\/\/oval.co\/latam-es\/wp-content\/uploads\/sites\/5\/2024\/03\/advantis.png\" alt=\"\"  >              <\/a>          <\/div>\n              <\/div>\n\n      <div class=\"logo-carousel__link text-center\">\n              <\/div>\n    <\/div>\n  <\/section>\n\n\n\n\n\n\n  <section class=\"text-quad text-center text-quad--white courved-section title-size-90\">\n    <div class=\"container\">\n      <h2> Acceso a una red de expertos <br> <\/h2>\n      <p>+1000 expertos de diferentes industrias.<\/p>\n<p>&nbsp;<\/p>\n    <\/div>\n\n  <\/section>\n\n\n","protected":false},"excerpt":{"rendered":"","protected":false},"author":1,"featured_media":0,"parent":7,"menu_order":0,"comment_status":"closed","ping_status":"closed","template":"","meta":{"footnotes":""},"acf":[],"yoast_head":"<!-- This site is optimized with the Yoast SEO plugin v22.4 - https:\/\/yoast.com\/wordpress\/plugins\/seo\/ -->\n<title>Alianzas - Oval - ES<\/title>\n<meta name=\"description\" content=\"We maintain partnerships with management consulting firms that share our vision, enriching our value proposition.\" \/>\n<meta name=\"robots\" content=\"index, follow, max-snippet:-1, max-image-preview:large, max-video-preview:-1\" \/>\n<link rel=\"canonical\" href=\"https:\/\/oval.co\/latam-es\/nosotros\/partnerships\/\" \/>\n<meta property=\"og:locale\" content=\"es_ES\" \/>\n<meta property=\"og:type\" content=\"article\" \/>\n<meta property=\"og:title\" content=\"Alianzas - Oval - ES\" \/>\n<meta property=\"og:description\" content=\"We maintain partnerships with management consulting firms that share our vision, enriching our value proposition.\" \/>\n<meta property=\"og:url\" content=\"https:\/\/oval.co\/latam-es\/nosotros\/partnerships\/\" \/>\n<meta property=\"og:site_name\" content=\"Oval - ES\" \/>\n<meta property=\"article:modified_time\" content=\"2025-03-11T15:51:06+00:00\" \/>\n<meta name=\"twitter:card\" content=\"summary_large_image\" \/>\n<script type=\"application\/ld+json\" class=\"yoast-schema-graph\">{\"@context\":\"https:\/\/schema.org\",\"@graph\":[{\"@type\":\"WebPage\",\"@id\":\"https:\/\/oval.co\/latam-es\/nosotros\/partnerships\/\",\"url\":\"https:\/\/oval.co\/latam-es\/nosotros\/partnerships\/\",\"name\":\"Alianzas - Oval - ES\",\"isPartOf\":{\"@id\":\"https:\/\/oval.co\/latam-es\/#website\"},\"datePublished\":\"2023-10-31T22:45:54+00:00\",\"dateModified\":\"2025-03-11T15:51:06+00:00\",\"description\":\"We maintain partnerships with management consulting firms that share our vision, enriching our value proposition.\",\"breadcrumb\":{\"@id\":\"https:\/\/oval.co\/latam-es\/nosotros\/partnerships\/#breadcrumb\"},\"inLanguage\":\"es\",\"potentialAction\":[{\"@type\":\"ReadAction\",\"target\":[\"https:\/\/oval.co\/latam-es\/nosotros\/partnerships\/\"]}]},{\"@type\":\"BreadcrumbList\",\"@id\":\"https:\/\/oval.co\/latam-es\/nosotros\/partnerships\/#breadcrumb\",\"itemListElement\":[{\"@type\":\"ListItem\",\"position\":1,\"name\":\"Nosotros\",\"item\":\"https:\/\/oval.co\/latam-es\/nosotros\/\"},{\"@type\":\"ListItem\",\"position\":2,\"name\":\"Alianzas\"}]},{\"@type\":\"WebSite\",\"@id\":\"https:\/\/oval.co\/latam-es\/#website\",\"url\":\"https:\/\/oval.co\/latam-es\/\",\"name\":\"Oval - ES\",\"description\":\"\",\"potentialAction\":[{\"@type\":\"SearchAction\",\"target\":{\"@type\":\"EntryPoint\",\"urlTemplate\":\"https:\/\/oval.co\/latam-es\/?s={search_term_string}\"},\"query-input\":\"required name=search_term_string\"}],\"inLanguage\":\"es\"}]}<\/script>\n<!-- \/ Yoast SEO plugin. -->","yoast_head_json":{"title":"Alianzas - Oval - ES","description":"We maintain partnerships with management consulting firms that share our vision, enriching our value proposition.","robots":{"index":"index","follow":"follow","max-snippet":"max-snippet:-1","max-image-preview":"max-image-preview:large","max-video-preview":"max-video-preview:-1"},"canonical":"https:\/\/oval.co\/latam-es\/nosotros\/partnerships\/","og_locale":"es_ES","og_type":"article","og_title":"Alianzas - Oval - ES","og_description":"We maintain partnerships with management consulting firms that share our vision, enriching our value proposition.","og_url":"https:\/\/oval.co\/latam-es\/nosotros\/partnerships\/","og_site_name":"Oval - ES","article_modified_time":"2025-03-11T15:51:06+00:00","twitter_card":"summary_large_image","schema":{"@context":"https:\/\/schema.org","@graph":[{"@type":"WebPage","@id":"https:\/\/oval.co\/latam-es\/nosotros\/partnerships\/","url":"https:\/\/oval.co\/latam-es\/nosotros\/partnerships\/","name":"Alianzas - Oval - ES","isPartOf":{"@id":"https:\/\/oval.co\/latam-es\/#website"},"datePublished":"2023-10-31T22:45:54+00:00","dateModified":"2025-03-11T15:51:06+00:00","description":"We maintain partnerships with management consulting firms that share our vision, enriching our value proposition.","breadcrumb":{"@id":"https:\/\/oval.co\/latam-es\/nosotros\/partnerships\/#breadcrumb"},"inLanguage":"es","potentialAction":[{"@type":"ReadAction","target":["https:\/\/oval.co\/latam-es\/nosotros\/partnerships\/"]}]},{"@type":"BreadcrumbList","@id":"https:\/\/oval.co\/latam-es\/nosotros\/partnerships\/#breadcrumb","itemListElement":[{"@type":"ListItem","position":1,"name":"Nosotros","item":"https:\/\/oval.co\/latam-es\/nosotros\/"},{"@type":"ListItem","position":2,"name":"Alianzas"}]},{"@type":"WebSite","@id":"https:\/\/oval.co\/latam-es\/#website","url":"https:\/\/oval.co\/latam-es\/","name":"Oval - ES","description":"","potentialAction":[{"@type":"SearchAction","target":{"@type":"EntryPoint","urlTemplate":"https:\/\/oval.co\/latam-es\/?s={search_term_string}"},"query-input":"required name=search_term_string"}],"inLanguage":"es"}]}},"_links":{"self":[{"href":"https:\/\/oval.co\/latam-es\/wp-json\/wp\/v2\/pages\/15"}],"collection":[{"href":"https:\/\/oval.co\/latam-es\/wp-json\/wp\/v2\/pages"}],"about":[{"href":"https:\/\/oval.co\/latam-es\/wp-json\/wp\/v2\/types\/page"}],"author":[{"embeddable":true,"href":"https:\/\/oval.co\/latam-es\/wp-json\/wp\/v2\/users\/1"}],"replies":[{"embeddable":true,"href":"https:\/\/oval.co\/latam-es\/wp-json\/wp\/v2\/comments?post=15"}],"version-history":[{"count":74,"href":"https:\/\/oval.co\/latam-es\/wp-json\/wp\/v2\/pages\/15\/revisions"}],"predecessor-version":[{"id":1431,"href":"https:\/\/oval.co\/latam-es\/wp-json\/wp\/v2\/pages\/15\/revisions\/1431"}],"up":[{"embeddable":true,"href":"https:\/\/oval.co\/latam-es\/wp-json\/wp\/v2\/pages\/7"}],"wp:attachment":[{"href":"https:\/\/oval.co\/latam-es\/wp-json\/wp\/v2\/media?parent=15"}],"curies":[{"name":"wp","href":"https:\/\/api.w.org\/{rel}","templated":true}]}}