{"id":17,"date":"2023-10-31T22:46:58","date_gmt":"2023-10-31T22:46:58","guid":{"rendered":"https:\/\/oval.co\/latam-es\/?page_id=17"},"modified":"2024-04-29T16:11:41","modified_gmt":"2024-04-29T16:11:41","slug":"nuestra-experiencia","status":"publish","type":"page","link":"https:\/\/oval.co\/latam-es\/nuestra-experiencia\/","title":{"rendered":"Experiencia"},"content":{"rendered":"\n\n  <section class=\"main-hero main-hero--large\">\n    <div class=\"main-hero__bg\">\n      <img decoding=\"async\" src=\"https:\/\/oval.co\/latam-es\/wp-content\/uploads\/sites\/5\/2024\/02\/Oval_management-consulting-firm_10-min-1.png\" alt=\"Oval\" class=\"img-fit\" style=\"width: 100%;\">\n    <\/div>\n    <div class=\"container main-hero__uvp rellax\" data-rellax-speed=\"-8\">\n            <h1 class=\"main-hero__title\">Nuestra Experiencia<\/h1>\n      <p>Abordamos los proyectos desde un enfoque anal\u00edtico y humano, generando movimiento en las conversaciones dif\u00edciles de las organizaciones y acelerando la toma de decisiones.<\/p>\n          <\/div>\n\n  <\/section>\n\n\n\n\n\n\n  <section class=\"alternate-sections bg-type-1\">\n            <article class=\"alternate-section courved-section\">\n          <div class=\"container\">\n            <div class=\"flex-layout align-items-center alternate-section__inner\">\n              <figure class=\"alternate-section__image animate-fade top\">\n                <img decoding=\"async\" class=\"img-full\" src=\"https:\/\/oval.co\/latam-es\/wp-content\/uploads\/sites\/5\/2024\/02\/Oval_management-consulting-firm_7-min.png\" alt=\"OVal\"  >              <\/figure>\n              <div class=\"alternate-section__text\">\n                <h2>Enfoque de la consultor\u00eda<\/h2>\n                <p>Facilitamos el proceso de toma de decisiones, desde la fase inicial de conceptualizaci\u00f3n hasta las tareas diarias. Acompa\u00f1amos a nuestros clientes en todas las etapas del proceso y nos enfocamos en aquellas que requieren una atenci\u00f3n especial. Fomentando conversaciones retadoras que ayudan a las organizaciones a descubrir nuevas formas de transformar su negocio.<\/p>\n                                  <a class=\"btn\" target=\"_self\" href=\"https:\/\/oval.co\/latam-es\/nuestra-experiencia\/oferta-de-valor\/\">Ver m\u00e1s<\/a>\n                              <\/div>\n            <\/div>\n          <\/div>\n        <\/article>\n            <article class=\"alternate-section courved-section\">\n          <div class=\"container\">\n            <div class=\"flex-layout align-items-center alternate-section__inner\">\n              <figure class=\"alternate-section__image animate-fade top\">\n                <img decoding=\"async\" class=\"img-full\" src=\"https:\/\/oval.co\/latam-es\/wp-content\/uploads\/sites\/5\/2024\/02\/Oval_management-consulting-firm_6-min.png\" alt=\"Oval\"  >              <\/figure>\n              <div class=\"alternate-section__text\">\n                <h2>Servicios<\/h2>\n                <p>Nuestra oferta de servicios fue dise\u00f1ada para proporcionar soluciones de consultor\u00eda pr\u00e1cticas y con valor agregado a empresas peque\u00f1as y medianas. Nos basamos en datos s\u00f3lidos que combinados con pensamiento estrat\u00e9gico y talento humano dan resultados tangibles que permite a las organizaciones un completo desarrollo en ejecuci\u00f3n y alta productividad.<\/p>\n                                  <a class=\"btn\" target=\"_self\" href=\"https:\/\/oval.co\/latam-es\/nuestra-experiencia\/serivicios\/\">Ver m\u00e1s<\/a>\n                              <\/div>\n            <\/div>\n          <\/div>\n        <\/article>\n            <article class=\"alternate-section courved-section\">\n          <div class=\"container\">\n            <div class=\"flex-layout align-items-center alternate-section__inner\">\n              <figure class=\"alternate-section__image animate-fade top\">\n                <img decoding=\"async\" class=\"img-full\" src=\"https:\/\/oval.co\/latam-es\/wp-content\/uploads\/sites\/5\/2024\/02\/Oval_management-consulting-firm_5-min.png\" alt=\"\"  >              <\/figure>\n              <div class=\"alternate-section__text\">\n                <h2>Industrias<\/h2>\n                <p>Entendemos a fondo los retos, las perspectivas y visi\u00f3n que las industrias enfrentan cada d\u00eda. Contamos con una s\u00f3lida trayector\u00eda en empresas que trascienden fronteras. Es por ello que continuamos siendo el aliado en la transformaci\u00f3n de m\u00e1s de 70 multinacionales o regionales a nivel global.<\/p>\n                                  <a class=\"btn\" target=\"_self\" href=\"https:\/\/oval.co\/latam-es\/nuestra-experiencia\/clientes\/\">Ver m\u00e1s<\/a>\n                              <\/div>\n            <\/div>\n          <\/div>\n        <\/article>\n      <\/section>\n\n\n","protected":false},"excerpt":{"rendered":"","protected":false},"author":1,"featured_media":0,"parent":0,"menu_order":0,"comment_status":"closed","ping_status":"closed","template":"","meta":{"footnotes":""},"acf":[],"yoast_head":"<!-- This site is optimized with the Yoast SEO plugin v22.4 - https:\/\/yoast.com\/wordpress\/plugins\/seo\/ -->\n<title>Experiencia - Oval - ES<\/title>\n<meta name=\"description\" content=\"Abordamos los proyectos desde un enfoque anal\u00edtico y humano.\" \/>\n<meta name=\"robots\" content=\"index, follow, max-snippet:-1, max-image-preview:large, max-video-preview:-1\" \/>\n<link rel=\"canonical\" href=\"https:\/\/oval.co\/latam-es\/nuestra-experiencia\/\" \/>\n<meta property=\"og:locale\" content=\"es_ES\" \/>\n<meta property=\"og:type\" content=\"article\" \/>\n<meta property=\"og:title\" content=\"Experiencia - Oval - ES\" \/>\n<meta property=\"og:description\" content=\"Abordamos los proyectos desde un enfoque anal\u00edtico y humano.\" \/>\n<meta property=\"og:url\" content=\"https:\/\/oval.co\/latam-es\/nuestra-experiencia\/\" \/>\n<meta property=\"og:site_name\" content=\"Oval - ES\" \/>\n<meta property=\"article:modified_time\" content=\"2024-04-29T16:11:41+00:00\" \/>\n<meta name=\"twitter:card\" content=\"summary_large_image\" \/>\n<script type=\"application\/ld+json\" class=\"yoast-schema-graph\">{\"@context\":\"https:\/\/schema.org\",\"@graph\":[{\"@type\":\"WebPage\",\"@id\":\"https:\/\/oval.co\/latam-es\/nuestra-experiencia\/\",\"url\":\"https:\/\/oval.co\/latam-es\/nuestra-experiencia\/\",\"name\":\"Experiencia - Oval - ES\",\"isPartOf\":{\"@id\":\"https:\/\/oval.co\/latam-es\/#website\"},\"datePublished\":\"2023-10-31T22:46:58+00:00\",\"dateModified\":\"2024-04-29T16:11:41+00:00\",\"description\":\"Abordamos los proyectos desde un enfoque anal\u00edtico y humano.\",\"inLanguage\":\"es\",\"potentialAction\":[{\"@type\":\"ReadAction\",\"target\":[\"https:\/\/oval.co\/latam-es\/nuestra-experiencia\/\"]}]},{\"@type\":\"WebSite\",\"@id\":\"https:\/\/oval.co\/latam-es\/#website\",\"url\":\"https:\/\/oval.co\/latam-es\/\",\"name\":\"Oval - ES\",\"description\":\"\",\"potentialAction\":[{\"@type\":\"SearchAction\",\"target\":{\"@type\":\"EntryPoint\",\"urlTemplate\":\"https:\/\/oval.co\/latam-es\/?s={search_term_string}\"},\"query-input\":\"required name=search_term_string\"}],\"inLanguage\":\"es\"}]}<\/script>\n<!-- \/ Yoast SEO plugin. -->","yoast_head_json":{"title":"Experiencia - Oval - ES","description":"Abordamos los proyectos desde un enfoque anal\u00edtico y humano.","robots":{"index":"index","follow":"follow","max-snippet":"max-snippet:-1","max-image-preview":"max-image-preview:large","max-video-preview":"max-video-preview:-1"},"canonical":"https:\/\/oval.co\/latam-es\/nuestra-experiencia\/","og_locale":"es_ES","og_type":"article","og_title":"Experiencia - Oval - ES","og_description":"Abordamos los proyectos desde un enfoque anal\u00edtico y humano.","og_url":"https:\/\/oval.co\/latam-es\/nuestra-experiencia\/","og_site_name":"Oval - ES","article_modified_time":"2024-04-29T16:11:41+00:00","twitter_card":"summary_large_image","schema":{"@context":"https:\/\/schema.org","@graph":[{"@type":"WebPage","@id":"https:\/\/oval.co\/latam-es\/nuestra-experiencia\/","url":"https:\/\/oval.co\/latam-es\/nuestra-experiencia\/","name":"Experiencia - Oval - ES","isPartOf":{"@id":"https:\/\/oval.co\/latam-es\/#website"},"datePublished":"2023-10-31T22:46:58+00:00","dateModified":"2024-04-29T16:11:41+00:00","description":"Abordamos los proyectos desde un enfoque anal\u00edtico y humano.","inLanguage":"es","potentialAction":[{"@type":"ReadAction","target":["https:\/\/oval.co\/latam-es\/nuestra-experiencia\/"]}]},{"@type":"WebSite","@id":"https:\/\/oval.co\/latam-es\/#website","url":"https:\/\/oval.co\/latam-es\/","name":"Oval - ES","description":"","potentialAction":[{"@type":"SearchAction","target":{"@type":"EntryPoint","urlTemplate":"https:\/\/oval.co\/latam-es\/?s={search_term_string}"},"query-input":"required name=search_term_string"}],"inLanguage":"es"}]}},"_links":{"self":[{"href":"https:\/\/oval.co\/latam-es\/wp-json\/wp\/v2\/pages\/17"}],"collection":[{"href":"https:\/\/oval.co\/latam-es\/wp-json\/wp\/v2\/pages"}],"about":[{"href":"https:\/\/oval.co\/latam-es\/wp-json\/wp\/v2\/types\/page"}],"author":[{"embeddable":true,"href":"https:\/\/oval.co\/latam-es\/wp-json\/wp\/v2\/users\/1"}],"replies":[{"embeddable":true,"href":"https:\/\/oval.co\/latam-es\/wp-json\/wp\/v2\/comments?post=17"}],"version-history":[{"count":26,"href":"https:\/\/oval.co\/latam-es\/wp-json\/wp\/v2\/pages\/17\/revisions"}],"predecessor-version":[{"id":1334,"href":"https:\/\/oval.co\/latam-es\/wp-json\/wp\/v2\/pages\/17\/revisions\/1334"}],"wp:attachment":[{"href":"https:\/\/oval.co\/latam-es\/wp-json\/wp\/v2\/media?parent=17"}],"curies":[{"name":"wp","href":"https:\/\/api.w.org\/{rel}","templated":true}]}}