{"id":19,"date":"2023-10-31T22:48:03","date_gmt":"2023-10-31T22:48:03","guid":{"rendered":"https:\/\/oval.co\/latam-es\/?page_id=19"},"modified":"2024-03-08T01:14:14","modified_gmt":"2024-03-08T01:14:14","slug":"oferta-de-valor","status":"publish","type":"page","link":"https:\/\/oval.co\/latam-es\/nuestra-experiencia\/oferta-de-valor\/","title":{"rendered":"Oferta de Valor"},"content":{"rendered":"\n\n  <section class=\"main-hero main-hero--small\">\n    <div class=\"main-hero__bg\">\n      <img decoding=\"async\" src=\"https:\/\/oval.co\/latam-es\/wp-content\/uploads\/sites\/5\/2023\/11\/Oval_Careers-1.jpg\" alt=\"\" class=\"img-fit\" style=\"width: 100%;\">\n    <\/div>\n    <div class=\"container main-hero__uvp rellax\" data-rellax-speed=\"-8\">\n      <span class=\"main-hero__subtitle\">EXPERIENCIA<\/span>      <h1 class=\"main-hero__title\">Oferta de valor<\/h1>\n                <\/div>\n\n  <\/section>\n\n\n\n\n\n\n  <section class=\"contained-text courved-section\">\n    <div class=\"container container--small\">\n      <h2> Abordamos los proyectos desde un enfoque anal\u00edtico, humano, y trabajando hombro a hombro con las personas. <\/h2>\n      <p>Detectamos las diferentes problem\u00e1ticas de las compa\u00f1\u00edas desde el punto de vista de negocio, estructurando as\u00ed toda una metodolog\u00eda de trabajo eficiente que se basa en abordar desde el punto de vista anal\u00edtico y desde el punto de vista humano todas las variables que se puedan presentar al momento de tomar decisiones importantes, asegurando tambi\u00e9n una ejecuci\u00f3n diaria que d\u00e9 como resultado transformaciones importantes en las compa\u00f1\u00edas<\/p>\n    <\/div>\n\n  <\/section>\n\n\n\n\n\n\n  <section class=\"step-cards courved-section\">\n    <div class=\"container container--small\">\n      <h2>Nuestra metodolog\u00eda<\/h2>\n    <\/div>\n    <div class=\"container\">\n      <div class=\"step-cards__content\">\n                    <div class=\"step-cards__item animate-fade top animate-delay-0\">\n              <h3>1. <br\/><br\/> Conceptualizaci\u00f3n <\/h3>\n            <\/div>\n                    <div class=\"step-cards__item animate-fade top animate-delay-1\">\n              <h3>2. <br\/><br\/> Dise\u00f1o y estructuraci\u00f3n<\/h3>\n            <\/div>\n                    <div class=\"step-cards__item animate-fade top animate-delay-2\">\n              <h3>3. <br\/><br\/> Implementaci\u00f3n <\/h3>\n            <\/div>\n                    <div class=\"step-cards__item animate-fade top animate-delay-3\">\n              <h3>4. <br\/><br\/> Acompa\u00f1amiento<\/h3>\n            <\/div>\n                    <div class=\"step-cards__item animate-fade top \">\n              <h3>Procesos Estrat\u00e9gicos <\/h3>\n            <\/div>\n                    <div class=\"step-cards__item animate-fade top \">\n              <h3>Procesos T\u00e1cticos<\/h3>\n            <\/div>\n              <\/div>\n    <\/div>\n  <\/section>\n\n\n","protected":false},"excerpt":{"rendered":"","protected":false},"author":1,"featured_media":0,"parent":17,"menu_order":0,"comment_status":"closed","ping_status":"closed","template":"","meta":{"footnotes":""},"acf":[],"yoast_head":"<!-- This site is optimized with the Yoast SEO plugin v22.4 - https:\/\/yoast.com\/wordpress\/plugins\/seo\/ -->\n<title>Oferta de Valor - Oval - ES<\/title>\n<meta name=\"description\" content=\"Abordamos los proyectos desde un enfoque anal\u00edtico, humano, y trabajando hombro a hombro con las personas.\" \/>\n<meta name=\"robots\" content=\"index, follow, max-snippet:-1, max-image-preview:large, max-video-preview:-1\" \/>\n<link rel=\"canonical\" href=\"https:\/\/oval.co\/latam-es\/nuestra-experiencia\/oferta-de-valor\/\" \/>\n<meta property=\"og:locale\" content=\"es_ES\" \/>\n<meta property=\"og:type\" content=\"article\" \/>\n<meta property=\"og:title\" content=\"Oferta de Valor - Oval - ES\" \/>\n<meta property=\"og:description\" content=\"Abordamos los proyectos desde un enfoque anal\u00edtico, humano, y trabajando hombro a hombro con las personas.\" \/>\n<meta property=\"og:url\" content=\"https:\/\/oval.co\/latam-es\/nuestra-experiencia\/oferta-de-valor\/\" \/>\n<meta property=\"og:site_name\" content=\"Oval - ES\" \/>\n<meta property=\"article:modified_time\" content=\"2024-03-08T01:14:14+00:00\" \/>\n<meta name=\"twitter:card\" content=\"summary_large_image\" \/>\n<script type=\"application\/ld+json\" class=\"yoast-schema-graph\">{\"@context\":\"https:\/\/schema.org\",\"@graph\":[{\"@type\":\"WebPage\",\"@id\":\"https:\/\/oval.co\/latam-es\/nuestra-experiencia\/oferta-de-valor\/\",\"url\":\"https:\/\/oval.co\/latam-es\/nuestra-experiencia\/oferta-de-valor\/\",\"name\":\"Oferta de Valor - Oval - ES\",\"isPartOf\":{\"@id\":\"https:\/\/oval.co\/latam-es\/#website\"},\"datePublished\":\"2023-10-31T22:48:03+00:00\",\"dateModified\":\"2024-03-08T01:14:14+00:00\",\"description\":\"Abordamos los proyectos desde un enfoque anal\u00edtico, humano, y trabajando hombro a hombro con las personas.\",\"breadcrumb\":{\"@id\":\"https:\/\/oval.co\/latam-es\/nuestra-experiencia\/oferta-de-valor\/#breadcrumb\"},\"inLanguage\":\"es\",\"potentialAction\":[{\"@type\":\"ReadAction\",\"target\":[\"https:\/\/oval.co\/latam-es\/nuestra-experiencia\/oferta-de-valor\/\"]}]},{\"@type\":\"BreadcrumbList\",\"@id\":\"https:\/\/oval.co\/latam-es\/nuestra-experiencia\/oferta-de-valor\/#breadcrumb\",\"itemListElement\":[{\"@type\":\"ListItem\",\"position\":1,\"name\":\"Experiencia\",\"item\":\"https:\/\/oval.co\/latam-es\/nuestra-experiencia\/\"},{\"@type\":\"ListItem\",\"position\":2,\"name\":\"Oferta de Valor\"}]},{\"@type\":\"WebSite\",\"@id\":\"https:\/\/oval.co\/latam-es\/#website\",\"url\":\"https:\/\/oval.co\/latam-es\/\",\"name\":\"Oval - ES\",\"description\":\"\",\"potentialAction\":[{\"@type\":\"SearchAction\",\"target\":{\"@type\":\"EntryPoint\",\"urlTemplate\":\"https:\/\/oval.co\/latam-es\/?s={search_term_string}\"},\"query-input\":\"required name=search_term_string\"}],\"inLanguage\":\"es\"}]}<\/script>\n<!-- \/ Yoast SEO plugin. -->","yoast_head_json":{"title":"Oferta de Valor - Oval - ES","description":"Abordamos los proyectos desde un enfoque anal\u00edtico, humano, y trabajando hombro a hombro con las personas.","robots":{"index":"index","follow":"follow","max-snippet":"max-snippet:-1","max-image-preview":"max-image-preview:large","max-video-preview":"max-video-preview:-1"},"canonical":"https:\/\/oval.co\/latam-es\/nuestra-experiencia\/oferta-de-valor\/","og_locale":"es_ES","og_type":"article","og_title":"Oferta de Valor - Oval - ES","og_description":"Abordamos los proyectos desde un enfoque anal\u00edtico, humano, y trabajando hombro a hombro con las personas.","og_url":"https:\/\/oval.co\/latam-es\/nuestra-experiencia\/oferta-de-valor\/","og_site_name":"Oval - ES","article_modified_time":"2024-03-08T01:14:14+00:00","twitter_card":"summary_large_image","schema":{"@context":"https:\/\/schema.org","@graph":[{"@type":"WebPage","@id":"https:\/\/oval.co\/latam-es\/nuestra-experiencia\/oferta-de-valor\/","url":"https:\/\/oval.co\/latam-es\/nuestra-experiencia\/oferta-de-valor\/","name":"Oferta de Valor - Oval - ES","isPartOf":{"@id":"https:\/\/oval.co\/latam-es\/#website"},"datePublished":"2023-10-31T22:48:03+00:00","dateModified":"2024-03-08T01:14:14+00:00","description":"Abordamos los proyectos desde un enfoque anal\u00edtico, humano, y trabajando hombro a hombro con las personas.","breadcrumb":{"@id":"https:\/\/oval.co\/latam-es\/nuestra-experiencia\/oferta-de-valor\/#breadcrumb"},"inLanguage":"es","potentialAction":[{"@type":"ReadAction","target":["https:\/\/oval.co\/latam-es\/nuestra-experiencia\/oferta-de-valor\/"]}]},{"@type":"BreadcrumbList","@id":"https:\/\/oval.co\/latam-es\/nuestra-experiencia\/oferta-de-valor\/#breadcrumb","itemListElement":[{"@type":"ListItem","position":1,"name":"Experiencia","item":"https:\/\/oval.co\/latam-es\/nuestra-experiencia\/"},{"@type":"ListItem","position":2,"name":"Oferta de Valor"}]},{"@type":"WebSite","@id":"https:\/\/oval.co\/latam-es\/#website","url":"https:\/\/oval.co\/latam-es\/","name":"Oval - ES","description":"","potentialAction":[{"@type":"SearchAction","target":{"@type":"EntryPoint","urlTemplate":"https:\/\/oval.co\/latam-es\/?s={search_term_string}"},"query-input":"required name=search_term_string"}],"inLanguage":"es"}]}},"_links":{"self":[{"href":"https:\/\/oval.co\/latam-es\/wp-json\/wp\/v2\/pages\/19"}],"collection":[{"href":"https:\/\/oval.co\/latam-es\/wp-json\/wp\/v2\/pages"}],"about":[{"href":"https:\/\/oval.co\/latam-es\/wp-json\/wp\/v2\/types\/page"}],"author":[{"embeddable":true,"href":"https:\/\/oval.co\/latam-es\/wp-json\/wp\/v2\/users\/1"}],"replies":[{"embeddable":true,"href":"https:\/\/oval.co\/latam-es\/wp-json\/wp\/v2\/comments?post=19"}],"version-history":[{"count":32,"href":"https:\/\/oval.co\/latam-es\/wp-json\/wp\/v2\/pages\/19\/revisions"}],"predecessor-version":[{"id":1086,"href":"https:\/\/oval.co\/latam-es\/wp-json\/wp\/v2\/pages\/19\/revisions\/1086"}],"up":[{"embeddable":true,"href":"https:\/\/oval.co\/latam-es\/wp-json\/wp\/v2\/pages\/17"}],"wp:attachment":[{"href":"https:\/\/oval.co\/latam-es\/wp-json\/wp\/v2\/media?parent=19"}],"curies":[{"name":"wp","href":"https:\/\/api.w.org\/{rel}","templated":true}]}}