{"id":21,"date":"2023-10-31T22:48:27","date_gmt":"2023-10-31T22:48:27","guid":{"rendered":"https:\/\/oval.co\/latam-es\/?page_id=21"},"modified":"2024-03-15T18:03:28","modified_gmt":"2024-03-15T18:03:28","slug":"serivicios","status":"publish","type":"page","link":"https:\/\/oval.co\/latam-es\/nuestra-experiencia\/serivicios\/","title":{"rendered":"Servicios"},"content":{"rendered":"\n\n  <section class=\"main-hero main-hero--small\">\n    <div class=\"main-hero__bg\">\n      <img decoding=\"async\" src=\"https:\/\/oval.co\/latam-es\/wp-content\/uploads\/sites\/5\/2024\/02\/Oval_Web_expertice_1Completa-2-min-scaled.jpg\" alt=\"Oval\" class=\"img-fit\" style=\"width: 100%;\">\n    <\/div>\n    <div class=\"container main-hero__uvp rellax\" data-rellax-speed=\"-8\">\n      <span class=\"main-hero__subtitle\">EXPERIENCIA <\/span>      <h1 class=\"main-hero__title\">Servicios<\/h1>\n                <\/div>\n\n  <\/section>\n\n\n\n\n\n\n  <section class=\"text-quad text-center text-quad--white courved-section title-size-70\">\n    <div class=\"container\">\n      <h2>Acompa\u00f1amos la transformaci\u00f3n de las organizaciones, agilizamos la toma de decisiones desde el momento de la conceptualizaci\u00f3n hasta el trabajo del d\u00eda a d\u00eda.<\/h2>\n          <\/div>\n\n  <\/section>\n\n\n\n\n\n\n  <section class=\"alternate-sections bg-type-2\">\n            <article class=\"alternate-section courved-section\">\n          <div class=\"container\">\n            <div class=\"flex-layout align-items-center alternate-section__inner\">\n              <figure class=\"alternate-section__image animate-fade top\">\n                <img decoding=\"async\" class=\"img-full\" src=\"https:\/\/oval.co\/latam-es\/wp-content\/uploads\/sites\/5\/2024\/03\/OVal-Services-7-min.jpg\" alt=\"\"  >              <\/figure>\n              <div class=\"alternate-section__text\">\n                <h2>Estrategia, Evoluci\u00f3n y Sostenibilidad<\/h2>\n                <p>Definimos e implementamos el camino estrat\u00e9gico de las organizaciones con soluciones creativas y a la medida.<\/p>\n                                  <a class=\"btn\" target=\"_blank\" href=\"https:\/\/oval.co\/latam-es\/service\/information-based-transformation\/\">VER M\u00c1S<\/a>\n                              <\/div>\n            <\/div>\n          <\/div>\n        <\/article>\n            <article class=\"alternate-section courved-section\">\n          <div class=\"container\">\n            <div class=\"flex-layout align-items-center alternate-section__inner\">\n              <figure class=\"alternate-section__image animate-fade top\">\n                <img decoding=\"async\" class=\"img-full\" src=\"https:\/\/oval.co\/latam-es\/wp-content\/uploads\/sites\/5\/2024\/02\/Oval_management-consulting-firm_12-min.png\" alt=\"Oval_management_Consulting_firm\"  >              <\/figure>\n              <div class=\"alternate-section__text\">\n                <h2>Organizaci\u00f3n de alto desempe\u00f1o<\/h2>\n                <p>Dise\u00f1amos organizaciones eficientes, sostenibles y alineadas a la estrategia del negocio.<\/p>\n                                  <a class=\"btn\" target=\"_blank\" href=\"https:\/\/oval.co\/latam-es\/service\/transformation-lead-office-tlo\/\">VER M\u00c1S<\/a>\n                              <\/div>\n            <\/div>\n          <\/div>\n        <\/article>\n            <article class=\"alternate-section courved-section\">\n          <div class=\"container\">\n            <div class=\"flex-layout align-items-center alternate-section__inner\">\n              <figure class=\"alternate-section__image animate-fade top\">\n                <img decoding=\"async\" class=\"img-full\" src=\"https:\/\/oval.co\/latam-es\/wp-content\/uploads\/sites\/5\/2024\/02\/Group-587-min.png\" alt=\"\"  >              <\/figure>\n              <div class=\"alternate-section__text\">\n                <h2> Efectividad comercial<\/h2>\n                <p>Dise\u00f1amos modelos comerciales que maximizan la generaci\u00f3n de valor de nuestros clientes.<\/p>\n                                  <a class=\"btn\" target=\"_blank\" href=\"https:\/\/oval.co\/latam-es\/service\/high-performanceorganization\/\">VER M\u00c1S<\/a>\n                              <\/div>\n            <\/div>\n          <\/div>\n        <\/article>\n            <article class=\"alternate-section courved-section\">\n          <div class=\"container\">\n            <div class=\"flex-layout align-items-center alternate-section__inner\">\n              <figure class=\"alternate-section__image animate-fade top\">\n                <img decoding=\"async\" class=\"img-full\" src=\"https:\/\/oval.co\/latam-es\/wp-content\/uploads\/sites\/5\/2024\/03\/Oval_Service3-min.jpg\" alt=\"\"  >              <\/figure>\n              <div class=\"alternate-section__text\">\n                <h2>Excelencia operacional<\/h2>\n                <p>Articulamos los elementos del modelo operativo para maximizar la productividad y mejorar el servicio al cliente.<\/p>\n                                  <a class=\"btn\" target=\"_blank\" href=\"https:\/\/oval.co\/latam-es\/service\/excelencia-operacional\/\">VER M\u00c1S<\/a>\n                              <\/div>\n            <\/div>\n          <\/div>\n        <\/article>\n      <\/section>\n\n\n","protected":false},"excerpt":{"rendered":"","protected":false},"author":1,"featured_media":0,"parent":17,"menu_order":0,"comment_status":"closed","ping_status":"closed","template":"","meta":{"footnotes":""},"acf":[],"yoast_head":"<!-- This site is optimized with the Yoast SEO plugin v22.4 - https:\/\/yoast.com\/wordpress\/plugins\/seo\/ -->\n<title>Servicios - Oval - ES<\/title>\n<meta name=\"description\" content=\"Acompa\u00f1amos la transformaci\u00f3n de las organizaciones, agilizamos la toma de decisiones desde el momento de la conceptualizaci\u00f3n hasta el trabajo del d\u00eda a d\u00eda.\" \/>\n<meta name=\"robots\" content=\"index, follow, max-snippet:-1, max-image-preview:large, max-video-preview:-1\" \/>\n<link rel=\"canonical\" href=\"https:\/\/oval.co\/latam-es\/nuestra-experiencia\/serivicios\/\" \/>\n<meta property=\"og:locale\" content=\"es_ES\" \/>\n<meta property=\"og:type\" content=\"article\" \/>\n<meta property=\"og:title\" content=\"Servicios - Oval - ES\" \/>\n<meta property=\"og:description\" content=\"Acompa\u00f1amos la transformaci\u00f3n de las organizaciones, agilizamos la toma de decisiones desde el momento de la conceptualizaci\u00f3n hasta el trabajo del d\u00eda a d\u00eda.\" \/>\n<meta property=\"og:url\" content=\"https:\/\/oval.co\/latam-es\/nuestra-experiencia\/serivicios\/\" \/>\n<meta property=\"og:site_name\" content=\"Oval - ES\" \/>\n<meta property=\"article:modified_time\" content=\"2024-03-15T18:03:28+00:00\" \/>\n<meta name=\"twitter:card\" content=\"summary_large_image\" \/>\n<script type=\"application\/ld+json\" class=\"yoast-schema-graph\">{\"@context\":\"https:\/\/schema.org\",\"@graph\":[{\"@type\":\"WebPage\",\"@id\":\"https:\/\/oval.co\/latam-es\/nuestra-experiencia\/serivicios\/\",\"url\":\"https:\/\/oval.co\/latam-es\/nuestra-experiencia\/serivicios\/\",\"name\":\"Servicios - Oval - ES\",\"isPartOf\":{\"@id\":\"https:\/\/oval.co\/latam-es\/#website\"},\"datePublished\":\"2023-10-31T22:48:27+00:00\",\"dateModified\":\"2024-03-15T18:03:28+00:00\",\"description\":\"Acompa\u00f1amos la transformaci\u00f3n de las organizaciones, agilizamos la toma de decisiones desde el momento de la conceptualizaci\u00f3n hasta el trabajo del d\u00eda a d\u00eda.\",\"breadcrumb\":{\"@id\":\"https:\/\/oval.co\/latam-es\/nuestra-experiencia\/serivicios\/#breadcrumb\"},\"inLanguage\":\"es\",\"potentialAction\":[{\"@type\":\"ReadAction\",\"target\":[\"https:\/\/oval.co\/latam-es\/nuestra-experiencia\/serivicios\/\"]}]},{\"@type\":\"BreadcrumbList\",\"@id\":\"https:\/\/oval.co\/latam-es\/nuestra-experiencia\/serivicios\/#breadcrumb\",\"itemListElement\":[{\"@type\":\"ListItem\",\"position\":1,\"name\":\"Experiencia\",\"item\":\"https:\/\/oval.co\/latam-es\/nuestra-experiencia\/\"},{\"@type\":\"ListItem\",\"position\":2,\"name\":\"Servicios\"}]},{\"@type\":\"WebSite\",\"@id\":\"https:\/\/oval.co\/latam-es\/#website\",\"url\":\"https:\/\/oval.co\/latam-es\/\",\"name\":\"Oval - ES\",\"description\":\"\",\"potentialAction\":[{\"@type\":\"SearchAction\",\"target\":{\"@type\":\"EntryPoint\",\"urlTemplate\":\"https:\/\/oval.co\/latam-es\/?s={search_term_string}\"},\"query-input\":\"required name=search_term_string\"}],\"inLanguage\":\"es\"}]}<\/script>\n<!-- \/ Yoast SEO plugin. -->","yoast_head_json":{"title":"Servicios - Oval - ES","description":"Acompa\u00f1amos la transformaci\u00f3n de las organizaciones, agilizamos la toma de decisiones desde el momento de la conceptualizaci\u00f3n hasta el trabajo del d\u00eda a d\u00eda.","robots":{"index":"index","follow":"follow","max-snippet":"max-snippet:-1","max-image-preview":"max-image-preview:large","max-video-preview":"max-video-preview:-1"},"canonical":"https:\/\/oval.co\/latam-es\/nuestra-experiencia\/serivicios\/","og_locale":"es_ES","og_type":"article","og_title":"Servicios - Oval - ES","og_description":"Acompa\u00f1amos la transformaci\u00f3n de las organizaciones, agilizamos la toma de decisiones desde el momento de la conceptualizaci\u00f3n hasta el trabajo del d\u00eda a d\u00eda.","og_url":"https:\/\/oval.co\/latam-es\/nuestra-experiencia\/serivicios\/","og_site_name":"Oval - ES","article_modified_time":"2024-03-15T18:03:28+00:00","twitter_card":"summary_large_image","schema":{"@context":"https:\/\/schema.org","@graph":[{"@type":"WebPage","@id":"https:\/\/oval.co\/latam-es\/nuestra-experiencia\/serivicios\/","url":"https:\/\/oval.co\/latam-es\/nuestra-experiencia\/serivicios\/","name":"Servicios - Oval - ES","isPartOf":{"@id":"https:\/\/oval.co\/latam-es\/#website"},"datePublished":"2023-10-31T22:48:27+00:00","dateModified":"2024-03-15T18:03:28+00:00","description":"Acompa\u00f1amos la transformaci\u00f3n de las organizaciones, agilizamos la toma de decisiones desde el momento de la conceptualizaci\u00f3n hasta el trabajo del d\u00eda a d\u00eda.","breadcrumb":{"@id":"https:\/\/oval.co\/latam-es\/nuestra-experiencia\/serivicios\/#breadcrumb"},"inLanguage":"es","potentialAction":[{"@type":"ReadAction","target":["https:\/\/oval.co\/latam-es\/nuestra-experiencia\/serivicios\/"]}]},{"@type":"BreadcrumbList","@id":"https:\/\/oval.co\/latam-es\/nuestra-experiencia\/serivicios\/#breadcrumb","itemListElement":[{"@type":"ListItem","position":1,"name":"Experiencia","item":"https:\/\/oval.co\/latam-es\/nuestra-experiencia\/"},{"@type":"ListItem","position":2,"name":"Servicios"}]},{"@type":"WebSite","@id":"https:\/\/oval.co\/latam-es\/#website","url":"https:\/\/oval.co\/latam-es\/","name":"Oval - ES","description":"","potentialAction":[{"@type":"SearchAction","target":{"@type":"EntryPoint","urlTemplate":"https:\/\/oval.co\/latam-es\/?s={search_term_string}"},"query-input":"required name=search_term_string"}],"inLanguage":"es"}]}},"_links":{"self":[{"href":"https:\/\/oval.co\/latam-es\/wp-json\/wp\/v2\/pages\/21"}],"collection":[{"href":"https:\/\/oval.co\/latam-es\/wp-json\/wp\/v2\/pages"}],"about":[{"href":"https:\/\/oval.co\/latam-es\/wp-json\/wp\/v2\/types\/page"}],"author":[{"embeddable":true,"href":"https:\/\/oval.co\/latam-es\/wp-json\/wp\/v2\/users\/1"}],"replies":[{"embeddable":true,"href":"https:\/\/oval.co\/latam-es\/wp-json\/wp\/v2\/comments?post=21"}],"version-history":[{"count":37,"href":"https:\/\/oval.co\/latam-es\/wp-json\/wp\/v2\/pages\/21\/revisions"}],"predecessor-version":[{"id":1223,"href":"https:\/\/oval.co\/latam-es\/wp-json\/wp\/v2\/pages\/21\/revisions\/1223"}],"up":[{"embeddable":true,"href":"https:\/\/oval.co\/latam-es\/wp-json\/wp\/v2\/pages\/17"}],"wp:attachment":[{"href":"https:\/\/oval.co\/latam-es\/wp-json\/wp\/v2\/media?parent=21"}],"curies":[{"name":"wp","href":"https:\/\/api.w.org\/{rel}","templated":true}]}}