{"id":27,"date":"2023-10-31T22:54:39","date_gmt":"2023-10-31T22:54:39","guid":{"rendered":"https:\/\/oval.co\/latam-es\/?page_id=27"},"modified":"2024-03-15T18:45:54","modified_gmt":"2024-03-15T18:45:54","slug":"trabaja-con-nosotros","status":"publish","type":"page","link":"https:\/\/oval.co\/latam-es\/trabaja-con-nosotros\/","title":{"rendered":"Trabaja con nosotros"},"content":{"rendered":"\n\n  <section class=\"main-hero main-hero--large\">\n    <div class=\"main-hero__bg\">\n      <img decoding=\"async\" src=\"https:\/\/oval.co\/latam-es\/wp-content\/uploads\/sites\/5\/2023\/11\/careers.jpg\" alt=\"\" class=\"img-fit\" style=\"width: 100%;\">\n    <\/div>\n    <div class=\"container main-hero__uvp rellax\" data-rellax-speed=\"-8\">\n            <h1 class=\"main-hero__title\">Trabaja con nosotros<\/h1>\n      <p>Queremos que trabajar en Oval sea una experiencia enriquecedora e inolvidable. Buscamos que sea un punto de partida , un lugar lleno de an\u00e9cdotas y aprendizajes que marcaran una diferencia en tu desarrollo profesional y personal.<\/p>\n          <\/div>\n\n  <\/section>\n\n\n\n\n\n\n  <section class=\"alternate-sections bg-type-1\">\n            <article class=\"alternate-section courved-section\">\n          <div class=\"container\">\n            <div class=\"flex-layout align-items-center alternate-section__inner\">\n              <figure class=\"alternate-section__image animate-fade top\">\n                <img decoding=\"async\" class=\"img-full\" src=\"https:\/\/oval.co\/latam-es\/wp-content\/uploads\/sites\/5\/2024\/02\/Oval-Quienes-somos.jpg\" alt=\"\"  >              <\/figure>\n              <div class=\"alternate-section__text\">\n                <h2>Qui\u00e9nes somos<\/h2>\n                <p>Somos una firma de consultor\u00eda gerencial que pone en movimiento las conversaciones y decisiones dif\u00edciles de las empresas, apoyados por un equipo multidisciplinario que emplea el pensamiento anal\u00edtico, la cercan\u00eda, la experiencia y los datos. Nuestro objetivo es hallar soluciones para los problemas m\u00e1s complejos y efectuar cambios profundos en las organizaciones.<\/p>\n                                  <a class=\"btn\" target=\"_self\" href=\"https:\/\/oval.co\/latam-es\/acerca-de-nosotros\/who-we-are\/\">VER M\u00c1S<\/a>\n                              <\/div>\n            <\/div>\n          <\/div>\n        <\/article>\n            <article class=\"alternate-section courved-section\">\n          <div class=\"container\">\n            <div class=\"flex-layout align-items-center alternate-section__inner\">\n              <figure class=\"alternate-section__image animate-fade top\">\n                <img decoding=\"async\" class=\"img-full\" src=\"https:\/\/oval.co\/latam-es\/wp-content\/uploads\/sites\/5\/2024\/02\/Oval_Proposito-y-cultura.jpg\" alt=\"\"  >              <\/figure>\n              <div class=\"alternate-section__text\">\n                <h2> Prop\u00f3sito y Cultura<\/h2>\n                <p>En Oval creemos que en el movimiento est\u00e1 el cambio, por eso transformamos las organizaciones y elevamos el crecimiento de su equipo.<\/p>\n                                  <a class=\"btn\" target=\"_self\" href=\"https:\/\/oval.co\/latam-es\/acerca-de-nosotros\/proposito-y-cultura\/\">VER M\u00c1S<\/a>\n                              <\/div>\n            <\/div>\n          <\/div>\n        <\/article>\n            <article class=\"alternate-section courved-section\">\n          <div class=\"container\">\n            <div class=\"flex-layout align-items-center alternate-section__inner\">\n              <figure class=\"alternate-section__image animate-fade top\">\n                <img decoding=\"async\" class=\"img-full\" src=\"https:\/\/oval.co\/latam-es\/wp-content\/uploads\/sites\/5\/2024\/02\/Oval_Beneficios.jpg\" alt=\"Oval\"  >              <\/figure>\n              <div class=\"alternate-section__text\">\n                <h2>Beneficios <\/h2>\n                <p>Pertenecer al equipo de Oval, es tener la oportunidad de aprender diariamente de un equipo enfocado en tu crecimiento, desarrollar habilidades anal\u00edticas para resolver problemas complejos, trabajar con grandes clientes y presenciar la transformaci\u00f3n de las organizaciones.<\/p>\n                                  <a class=\"btn\" target=\"_self\" href=\"https:\/\/oval.co\/latam-es\/careers-2__trashed\/beneficios\/\">VER M\u00c1S<\/a>\n                              <\/div>\n            <\/div>\n          <\/div>\n        <\/article>\n      <\/section>\n\n\n\n\n\n\n  <section class=\"custom-cta courved-section\">\n    <div class=\"custom-cta__bg\">\n      <img decoding=\"async\" src=\"https:\/\/oval.co\/latam-es\/wp-content\/uploads\/sites\/5\/2023\/11\/Group-575.jpg\" alt=\"\" class=\"img-fit\" style=\"width: 100%;\">\n    <\/div>\n    <div class=\"container custom-cta__content\">\n            <h2 class=\"custom-cta__title\">D\u00e9janos tu perfil <\/h2>\n      <p>Invitamos a todos aquellos que quieran asumir grandes retos y solucionar problemas, con ganas de aprender y trabajar de la mano con clientes reconocidos a nivel nacional e internacional.<\/p>\n              <a class=\"btn btn--dark\" target=\"_self\" href=\"https:\/\/oval.co\/latam-es\/trabaja-con-nosotros\/join-us\/\">IR AHORA<\/a>\n          <\/div>\n\n  <\/section>\n\n\n","protected":false},"excerpt":{"rendered":"","protected":false},"author":1,"featured_media":0,"parent":0,"menu_order":0,"comment_status":"closed","ping_status":"closed","template":"","meta":{"footnotes":""},"acf":[],"yoast_head":"<!-- This site is optimized with the Yoast SEO plugin v22.4 - https:\/\/yoast.com\/wordpress\/plugins\/seo\/ -->\n<title>Trabaja con nosotros - Oval - ES<\/title>\n<meta name=\"description\" content=\"Buscamos que sea un punto de partida inigualable, un lugar lleno de an\u00e9cdotas y aprendizajes que marcaran una diferencia en tu desarrollo profesional y personal.\" \/>\n<meta name=\"robots\" content=\"index, follow, max-snippet:-1, max-image-preview:large, max-video-preview:-1\" \/>\n<link rel=\"canonical\" href=\"https:\/\/oval.co\/latam-es\/trabaja-con-nosotros\/\" \/>\n<meta property=\"og:locale\" content=\"es_ES\" \/>\n<meta property=\"og:type\" content=\"article\" \/>\n<meta property=\"og:title\" content=\"Trabaja con nosotros - Oval - ES\" \/>\n<meta property=\"og:description\" content=\"Buscamos que sea un punto de partida inigualable, un lugar lleno de an\u00e9cdotas y aprendizajes que marcaran una diferencia en tu desarrollo profesional y personal.\" \/>\n<meta property=\"og:url\" content=\"https:\/\/oval.co\/latam-es\/trabaja-con-nosotros\/\" \/>\n<meta property=\"og:site_name\" content=\"Oval - ES\" \/>\n<meta property=\"article:modified_time\" content=\"2024-03-15T18:45:54+00:00\" \/>\n<meta name=\"twitter:card\" content=\"summary_large_image\" \/>\n<script type=\"application\/ld+json\" class=\"yoast-schema-graph\">{\"@context\":\"https:\/\/schema.org\",\"@graph\":[{\"@type\":\"WebPage\",\"@id\":\"https:\/\/oval.co\/latam-es\/trabaja-con-nosotros\/\",\"url\":\"https:\/\/oval.co\/latam-es\/trabaja-con-nosotros\/\",\"name\":\"Trabaja con nosotros - Oval - ES\",\"isPartOf\":{\"@id\":\"https:\/\/oval.co\/latam-es\/#website\"},\"datePublished\":\"2023-10-31T22:54:39+00:00\",\"dateModified\":\"2024-03-15T18:45:54+00:00\",\"description\":\"Buscamos que sea un punto de partida inigualable, un lugar lleno de an\u00e9cdotas y aprendizajes que marcaran una diferencia en tu desarrollo profesional y personal.\",\"inLanguage\":\"es\",\"potentialAction\":[{\"@type\":\"ReadAction\",\"target\":[\"https:\/\/oval.co\/latam-es\/trabaja-con-nosotros\/\"]}]},{\"@type\":\"WebSite\",\"@id\":\"https:\/\/oval.co\/latam-es\/#website\",\"url\":\"https:\/\/oval.co\/latam-es\/\",\"name\":\"Oval - ES\",\"description\":\"\",\"potentialAction\":[{\"@type\":\"SearchAction\",\"target\":{\"@type\":\"EntryPoint\",\"urlTemplate\":\"https:\/\/oval.co\/latam-es\/?s={search_term_string}\"},\"query-input\":\"required name=search_term_string\"}],\"inLanguage\":\"es\"}]}<\/script>\n<!-- \/ Yoast SEO plugin. -->","yoast_head_json":{"title":"Trabaja con nosotros - Oval - ES","description":"Buscamos que sea un punto de partida inigualable, un lugar lleno de an\u00e9cdotas y aprendizajes que marcaran una diferencia en tu desarrollo profesional y personal.","robots":{"index":"index","follow":"follow","max-snippet":"max-snippet:-1","max-image-preview":"max-image-preview:large","max-video-preview":"max-video-preview:-1"},"canonical":"https:\/\/oval.co\/latam-es\/trabaja-con-nosotros\/","og_locale":"es_ES","og_type":"article","og_title":"Trabaja con nosotros - Oval - ES","og_description":"Buscamos que sea un punto de partida inigualable, un lugar lleno de an\u00e9cdotas y aprendizajes que marcaran una diferencia en tu desarrollo profesional y personal.","og_url":"https:\/\/oval.co\/latam-es\/trabaja-con-nosotros\/","og_site_name":"Oval - ES","article_modified_time":"2024-03-15T18:45:54+00:00","twitter_card":"summary_large_image","schema":{"@context":"https:\/\/schema.org","@graph":[{"@type":"WebPage","@id":"https:\/\/oval.co\/latam-es\/trabaja-con-nosotros\/","url":"https:\/\/oval.co\/latam-es\/trabaja-con-nosotros\/","name":"Trabaja con nosotros - Oval - ES","isPartOf":{"@id":"https:\/\/oval.co\/latam-es\/#website"},"datePublished":"2023-10-31T22:54:39+00:00","dateModified":"2024-03-15T18:45:54+00:00","description":"Buscamos que sea un punto de partida inigualable, un lugar lleno de an\u00e9cdotas y aprendizajes que marcaran una diferencia en tu desarrollo profesional y personal.","inLanguage":"es","potentialAction":[{"@type":"ReadAction","target":["https:\/\/oval.co\/latam-es\/trabaja-con-nosotros\/"]}]},{"@type":"WebSite","@id":"https:\/\/oval.co\/latam-es\/#website","url":"https:\/\/oval.co\/latam-es\/","name":"Oval - ES","description":"","potentialAction":[{"@type":"SearchAction","target":{"@type":"EntryPoint","urlTemplate":"https:\/\/oval.co\/latam-es\/?s={search_term_string}"},"query-input":"required name=search_term_string"}],"inLanguage":"es"}]}},"_links":{"self":[{"href":"https:\/\/oval.co\/latam-es\/wp-json\/wp\/v2\/pages\/27"}],"collection":[{"href":"https:\/\/oval.co\/latam-es\/wp-json\/wp\/v2\/pages"}],"about":[{"href":"https:\/\/oval.co\/latam-es\/wp-json\/wp\/v2\/types\/page"}],"author":[{"embeddable":true,"href":"https:\/\/oval.co\/latam-es\/wp-json\/wp\/v2\/users\/1"}],"replies":[{"embeddable":true,"href":"https:\/\/oval.co\/latam-es\/wp-json\/wp\/v2\/comments?post=27"}],"version-history":[{"count":27,"href":"https:\/\/oval.co\/latam-es\/wp-json\/wp\/v2\/pages\/27\/revisions"}],"predecessor-version":[{"id":1226,"href":"https:\/\/oval.co\/latam-es\/wp-json\/wp\/v2\/pages\/27\/revisions\/1226"}],"wp:attachment":[{"href":"https:\/\/oval.co\/latam-es\/wp-json\/wp\/v2\/media?parent=27"}],"curies":[{"name":"wp","href":"https:\/\/api.w.org\/{rel}","templated":true}]}}