{"id":33,"date":"2023-10-31T22:55:54","date_gmt":"2023-10-31T22:55:54","guid":{"rendered":"https:\/\/oval.co\/latam-es\/?page_id=33"},"modified":"2024-02-28T03:38:55","modified_gmt":"2024-02-28T03:38:55","slug":"politicas-de-privacidad","status":"publish","type":"page","link":"https:\/\/oval.co\/latam-es\/politicas-de-privacidad\/","title":{"rendered":"Pol\u00edticas de Privacidad\u00a0"},"content":{"rendered":"\n<p>Oval est\u00e1 conformado por varios Sitios Web, ya sea global o regional. Cualquiera de estos Sitios Web, de manera individual, est\u00e1n designados con la palabra \u201cUbicaci\u00f3n\u201d en la parte inferior derecha de la p\u00e1gina en cualquier punto de su visita al Sitio Web de Oval.com&nbsp;<\/p>\n\n\n\n<p>Los presentes t\u00e9rminos de uso aplican al&nbsp;Sitios Web, ya sea global o regional&nbsp;o de pr\u00e1ctica espec\u00edfica que usted este visitando dentro de Oval.com, antes de hacer clic en el apartado de T\u00e9rminos de Uso. Esta P\u00e1gina Web individual hace referencia a estos T\u00e9rminos de Uso como \u201cEste Sitio Web\u201d.&nbsp;<\/p>\n\n\n\n<p>Al navegar en este Sitio Web, usted est\u00e1 consintiendo sus T\u00e9rminos de Uso. Si no est\u00e1 de acuerdo con los mismos, usted no est\u00e1 autorizado para continuar navegando en este Sitio Web y deber\u00e1 abandonar inmediatamente el Sitio Web.&nbsp;<\/p>\n\n\n\n<p>Uso del contenido; restricciones; pol\u00edtica de privacidad:<\/p>\n\n\n\n<p>Salvo que se indique lo contrario, y con la condici\u00f3n de que cumpla con todas las obligaciones que indican los presentes T\u00e9rminos de Uso, el usuario est\u00e1 autorizado para ver, copiar, imprimir y distribuir (pero no modificar) los contenidos de este Sitio Web, siempre y cuando: (i) dicho uso sea para fines no comerciales, \u00fanicamente para fines informativos, y (ii) cualquier copia del contenido que se haga debe incluir el aviso de derechos de autor u otra atribuci\u00f3n asociada con el mismo.&nbsp;<\/p>\n\n\n\n<p>Usted no est\u00e1 autorizado a copiar o utilizar cualquier software, proceso patentado o la tecnolog\u00eda incorporada o descrita en este Sitio Web.&nbsp;<\/p>\n\n\n\n<p>Usted deber\u00e1 cumplir con todas las leyes aplicables respecto al acceso y uso de este Sitio Web.&nbsp;<\/p>\n\n\n\n<p>Informamos que podemos utilizar la informaci\u00f3n personal y datos, de acuerdo con nuestra Pol\u00edtica de Privacidad y Cookies mismos que se incorporan en la presente por referencia. Usted acepta, por medio de la presente, los T\u00e9rminos de nuestra Pol\u00edtica de Privacidad y Cookies incluyendo las obligaciones contenidas en dichos avisos.&nbsp;<\/p>\n","protected":false},"excerpt":{"rendered":"<p>Oval est\u00e1 conformado por varios Sitios Web, ya sea global o regional. Cualquiera de estos Sitios Web, de manera individual, est\u00e1n designados con la palabra \u201cUbicaci\u00f3n\u201d en la parte inferior derecha de la p\u00e1gina en cualquier punto de su visita al Sitio Web de Oval.com&nbsp; Los presentes t\u00e9rminos de uso aplican al&nbsp;Sitios Web, ya sea [&hellip;]<\/p>\n","protected":false},"author":1,"featured_media":0,"parent":0,"menu_order":0,"comment_status":"closed","ping_status":"closed","template":"page-templates\/static.php","meta":{"footnotes":""},"acf":[],"yoast_head":"<!-- This site is optimized with the Yoast SEO plugin v22.4 - https:\/\/yoast.com\/wordpress\/plugins\/seo\/ -->\n<title>Pol\u00edticas de Privacidad\u00a0 - Oval - ES<\/title>\n<meta name=\"robots\" content=\"index, follow, max-snippet:-1, max-image-preview:large, max-video-preview:-1\" \/>\n<link rel=\"canonical\" href=\"https:\/\/oval.co\/latam-es\/politicas-de-privacidad\/\" \/>\n<meta property=\"og:locale\" content=\"es_ES\" \/>\n<meta property=\"og:type\" content=\"article\" \/>\n<meta property=\"og:title\" content=\"Pol\u00edticas de Privacidad\u00a0 - Oval - ES\" \/>\n<meta property=\"og:description\" content=\"Oval est\u00e1 conformado por varios Sitios Web, ya sea global o regional. Cualquiera de estos Sitios Web, de manera individual, est\u00e1n designados con la palabra \u201cUbicaci\u00f3n\u201d en la parte inferior derecha de la p\u00e1gina en cualquier punto de su visita al Sitio Web de Oval.com&nbsp; Los presentes t\u00e9rminos de uso aplican al&nbsp;Sitios Web, ya sea [&hellip;]\" \/>\n<meta property=\"og:url\" content=\"https:\/\/oval.co\/latam-es\/politicas-de-privacidad\/\" \/>\n<meta property=\"og:site_name\" content=\"Oval - ES\" \/>\n<meta property=\"article:modified_time\" content=\"2024-02-28T03:38:55+00:00\" \/>\n<meta name=\"twitter:card\" content=\"summary_large_image\" \/>\n<meta name=\"twitter:label1\" content=\"Tiempo de lectura\" \/>\n\t<meta name=\"twitter:data1\" content=\"2 minutos\" \/>\n<script type=\"application\/ld+json\" class=\"yoast-schema-graph\">{\"@context\":\"https:\/\/schema.org\",\"@graph\":[{\"@type\":\"WebPage\",\"@id\":\"https:\/\/oval.co\/latam-es\/politicas-de-privacidad\/\",\"url\":\"https:\/\/oval.co\/latam-es\/politicas-de-privacidad\/\",\"name\":\"Pol\u00edticas de Privacidad\u00a0 - Oval - ES\",\"isPartOf\":{\"@id\":\"https:\/\/oval.co\/latam-es\/#website\"},\"datePublished\":\"2023-10-31T22:55:54+00:00\",\"dateModified\":\"2024-02-28T03:38:55+00:00\",\"inLanguage\":\"es\",\"potentialAction\":[{\"@type\":\"ReadAction\",\"target\":[\"https:\/\/oval.co\/latam-es\/politicas-de-privacidad\/\"]}]},{\"@type\":\"WebSite\",\"@id\":\"https:\/\/oval.co\/latam-es\/#website\",\"url\":\"https:\/\/oval.co\/latam-es\/\",\"name\":\"Oval - ES\",\"description\":\"\",\"potentialAction\":[{\"@type\":\"SearchAction\",\"target\":{\"@type\":\"EntryPoint\",\"urlTemplate\":\"https:\/\/oval.co\/latam-es\/?s={search_term_string}\"},\"query-input\":\"required name=search_term_string\"}],\"inLanguage\":\"es\"}]}<\/script>\n<!-- \/ Yoast SEO plugin. -->","yoast_head_json":{"title":"Pol\u00edticas de Privacidad\u00a0 - Oval - ES","robots":{"index":"index","follow":"follow","max-snippet":"max-snippet:-1","max-image-preview":"max-image-preview:large","max-video-preview":"max-video-preview:-1"},"canonical":"https:\/\/oval.co\/latam-es\/politicas-de-privacidad\/","og_locale":"es_ES","og_type":"article","og_title":"Pol\u00edticas de Privacidad\u00a0 - Oval - ES","og_description":"Oval est\u00e1 conformado por varios Sitios Web, ya sea global o regional. Cualquiera de estos Sitios Web, de manera individual, est\u00e1n designados con la palabra \u201cUbicaci\u00f3n\u201d en la parte inferior derecha de la p\u00e1gina en cualquier punto de su visita al Sitio Web de Oval.com&nbsp; Los presentes t\u00e9rminos de uso aplican al&nbsp;Sitios Web, ya sea [&hellip;]","og_url":"https:\/\/oval.co\/latam-es\/politicas-de-privacidad\/","og_site_name":"Oval - ES","article_modified_time":"2024-02-28T03:38:55+00:00","twitter_card":"summary_large_image","twitter_misc":{"Tiempo de lectura":"2 minutos"},"schema":{"@context":"https:\/\/schema.org","@graph":[{"@type":"WebPage","@id":"https:\/\/oval.co\/latam-es\/politicas-de-privacidad\/","url":"https:\/\/oval.co\/latam-es\/politicas-de-privacidad\/","name":"Pol\u00edticas de Privacidad\u00a0 - Oval - ES","isPartOf":{"@id":"https:\/\/oval.co\/latam-es\/#website"},"datePublished":"2023-10-31T22:55:54+00:00","dateModified":"2024-02-28T03:38:55+00:00","inLanguage":"es","potentialAction":[{"@type":"ReadAction","target":["https:\/\/oval.co\/latam-es\/politicas-de-privacidad\/"]}]},{"@type":"WebSite","@id":"https:\/\/oval.co\/latam-es\/#website","url":"https:\/\/oval.co\/latam-es\/","name":"Oval - ES","description":"","potentialAction":[{"@type":"SearchAction","target":{"@type":"EntryPoint","urlTemplate":"https:\/\/oval.co\/latam-es\/?s={search_term_string}"},"query-input":"required name=search_term_string"}],"inLanguage":"es"}]}},"_links":{"self":[{"href":"https:\/\/oval.co\/latam-es\/wp-json\/wp\/v2\/pages\/33"}],"collection":[{"href":"https:\/\/oval.co\/latam-es\/wp-json\/wp\/v2\/pages"}],"about":[{"href":"https:\/\/oval.co\/latam-es\/wp-json\/wp\/v2\/types\/page"}],"author":[{"embeddable":true,"href":"https:\/\/oval.co\/latam-es\/wp-json\/wp\/v2\/users\/1"}],"replies":[{"embeddable":true,"href":"https:\/\/oval.co\/latam-es\/wp-json\/wp\/v2\/comments?post=33"}],"version-history":[{"count":7,"href":"https:\/\/oval.co\/latam-es\/wp-json\/wp\/v2\/pages\/33\/revisions"}],"predecessor-version":[{"id":1155,"href":"https:\/\/oval.co\/latam-es\/wp-json\/wp\/v2\/pages\/33\/revisions\/1155"}],"wp:attachment":[{"href":"https:\/\/oval.co\/latam-es\/wp-json\/wp\/v2\/media?parent=33"}],"curies":[{"name":"wp","href":"https:\/\/api.w.org\/{rel}","templated":true}]}}