{"id":35,"date":"2023-10-31T22:56:10","date_gmt":"2023-10-31T22:56:10","guid":{"rendered":"https:\/\/oval.co\/latam-es\/?page_id=35"},"modified":"2024-02-28T03:40:27","modified_gmt":"2024-02-28T03:40:27","slug":"terms-of-use","status":"publish","type":"page","link":"https:\/\/oval.co\/latam-es\/terms-of-use\/","title":{"rendered":"Pol\u00edtica para el Tratamiento de Datos Personales\u00a0"},"content":{"rendered":"\n<p>\u00daltima revisi\u00f3n: Enero, 2024.\u00a0<\/p>\n\n\n\n<p>Oval Colombia, con domicilio ubicado en: Carrera 11 # 93A-53 Of.601, Bogot\u00e1 DC, Bogot\u00e1 Colombia; le informa que, dado que sus datos personales pueden ser obtenidos por Oval Colombia dentro del giro ordinario de sus negocios en desarrollo de su respectivo objeto social, y toda vez que est\u00e1 comprometida con la protecci\u00f3n de los datos personales y la privacidad de sus potenciales clientes, clientes, potenciales proveedores, proveedores y terceros; en cumplimiento a la Ley 1581 de 2012 y su Decreto Reglamentario 1377 de 2013, as\u00ed como Reglamento General de Protecci\u00f3n de Datos de la Uni\u00f3n Europea, en adelante LPDP, pone a su disposici\u00f3n la siguiente Pol\u00edtica para el Tratamiento de Datos Personales.\u00a0\u00a0<\/p>\n\n\n\n<p><strong>Definiciones\u00a0<\/strong><\/p>\n\n\n\n<p>En la presente Pol\u00edtica de Tratamiento de Datos Personales se entender\u00e1 por:&nbsp;<\/p>\n\n\n\n<p>Herramienta: A la herramienta tecnol\u00f3gica implementada por Oval Colombia para que usted pueda ejercer sus derechos correspondientes respecto a sus datos personales.&nbsp;<\/p>\n\n\n\n<p><strong>\u00c1rea encargada de tramitar quejas o sugerencias<\/strong>&nbsp;<\/p>\n\n\n\n<p>En cumplimiento de la LPDP, Oval Colombia cuenta con un \u00e1rea encargada de la recepci\u00f3n y atenci\u00f3n de quejas o sugerencias, relacionados con datos personales, siendo \u00e9sta el \u00c1rea de Privacidad y Protecci\u00f3n de Datos Personales, cuyos datos de contacto son los siguientes: <a href=\"mailto:contacto@oval.co\">contacto@oval.co<\/a><\/p>\n","protected":false},"excerpt":{"rendered":"<p>\u00daltima revisi\u00f3n: Enero, 2024.\u00a0 Oval Colombia, con domicilio ubicado en: Carrera 11 # 93A-53 Of.601, Bogot\u00e1 DC, Bogot\u00e1 Colombia; le informa que, dado que sus datos personales pueden ser obtenidos por Oval Colombia dentro del giro ordinario de sus negocios en desarrollo de su respectivo objeto social, y toda vez que est\u00e1 comprometida con la [&hellip;]<\/p>\n","protected":false},"author":1,"featured_media":0,"parent":0,"menu_order":0,"comment_status":"closed","ping_status":"closed","template":"page-templates\/static.php","meta":{"footnotes":""},"acf":[],"yoast_head":"<!-- This site is optimized with the Yoast SEO plugin v22.4 - https:\/\/yoast.com\/wordpress\/plugins\/seo\/ -->\n<title>Pol\u00edtica para el Tratamiento de Datos Personales\u00a0 - Oval - ES<\/title>\n<meta name=\"robots\" content=\"index, follow, max-snippet:-1, max-image-preview:large, max-video-preview:-1\" \/>\n<link rel=\"canonical\" href=\"https:\/\/oval.co\/latam-es\/terms-of-use\/\" \/>\n<meta property=\"og:locale\" content=\"es_ES\" \/>\n<meta property=\"og:type\" content=\"article\" \/>\n<meta property=\"og:title\" content=\"Pol\u00edtica para el Tratamiento de Datos Personales\u00a0 - Oval - ES\" \/>\n<meta property=\"og:description\" content=\"\u00daltima revisi\u00f3n: Enero, 2024.\u00a0 Oval Colombia, con domicilio ubicado en: Carrera 11 # 93A-53 Of.601, Bogot\u00e1 DC, Bogot\u00e1 Colombia; le informa que, dado que sus datos personales pueden ser obtenidos por Oval Colombia dentro del giro ordinario de sus negocios en desarrollo de su respectivo objeto social, y toda vez que est\u00e1 comprometida con la [&hellip;]\" \/>\n<meta property=\"og:url\" content=\"https:\/\/oval.co\/latam-es\/terms-of-use\/\" \/>\n<meta property=\"og:site_name\" content=\"Oval - ES\" \/>\n<meta property=\"article:modified_time\" content=\"2024-02-28T03:40:27+00:00\" \/>\n<meta name=\"twitter:card\" content=\"summary_large_image\" \/>\n<meta name=\"twitter:label1\" content=\"Tiempo de lectura\" \/>\n\t<meta name=\"twitter:data1\" content=\"1 minuto\" \/>\n<script type=\"application\/ld+json\" class=\"yoast-schema-graph\">{\"@context\":\"https:\/\/schema.org\",\"@graph\":[{\"@type\":\"WebPage\",\"@id\":\"https:\/\/oval.co\/latam-es\/terms-of-use\/\",\"url\":\"https:\/\/oval.co\/latam-es\/terms-of-use\/\",\"name\":\"Pol\u00edtica para el Tratamiento de Datos Personales\u00a0 - Oval - ES\",\"isPartOf\":{\"@id\":\"https:\/\/oval.co\/latam-es\/#website\"},\"datePublished\":\"2023-10-31T22:56:10+00:00\",\"dateModified\":\"2024-02-28T03:40:27+00:00\",\"inLanguage\":\"es\",\"potentialAction\":[{\"@type\":\"ReadAction\",\"target\":[\"https:\/\/oval.co\/latam-es\/terms-of-use\/\"]}]},{\"@type\":\"WebSite\",\"@id\":\"https:\/\/oval.co\/latam-es\/#website\",\"url\":\"https:\/\/oval.co\/latam-es\/\",\"name\":\"Oval - ES\",\"description\":\"\",\"potentialAction\":[{\"@type\":\"SearchAction\",\"target\":{\"@type\":\"EntryPoint\",\"urlTemplate\":\"https:\/\/oval.co\/latam-es\/?s={search_term_string}\"},\"query-input\":\"required name=search_term_string\"}],\"inLanguage\":\"es\"}]}<\/script>\n<!-- \/ Yoast SEO plugin. -->","yoast_head_json":{"title":"Pol\u00edtica para el Tratamiento de Datos Personales\u00a0 - Oval - ES","robots":{"index":"index","follow":"follow","max-snippet":"max-snippet:-1","max-image-preview":"max-image-preview:large","max-video-preview":"max-video-preview:-1"},"canonical":"https:\/\/oval.co\/latam-es\/terms-of-use\/","og_locale":"es_ES","og_type":"article","og_title":"Pol\u00edtica para el Tratamiento de Datos Personales\u00a0 - Oval - ES","og_description":"\u00daltima revisi\u00f3n: Enero, 2024.\u00a0 Oval Colombia, con domicilio ubicado en: Carrera 11 # 93A-53 Of.601, Bogot\u00e1 DC, Bogot\u00e1 Colombia; le informa que, dado que sus datos personales pueden ser obtenidos por Oval Colombia dentro del giro ordinario de sus negocios en desarrollo de su respectivo objeto social, y toda vez que est\u00e1 comprometida con la [&hellip;]","og_url":"https:\/\/oval.co\/latam-es\/terms-of-use\/","og_site_name":"Oval - ES","article_modified_time":"2024-02-28T03:40:27+00:00","twitter_card":"summary_large_image","twitter_misc":{"Tiempo de lectura":"1 minuto"},"schema":{"@context":"https:\/\/schema.org","@graph":[{"@type":"WebPage","@id":"https:\/\/oval.co\/latam-es\/terms-of-use\/","url":"https:\/\/oval.co\/latam-es\/terms-of-use\/","name":"Pol\u00edtica para el Tratamiento de Datos Personales\u00a0 - Oval - ES","isPartOf":{"@id":"https:\/\/oval.co\/latam-es\/#website"},"datePublished":"2023-10-31T22:56:10+00:00","dateModified":"2024-02-28T03:40:27+00:00","inLanguage":"es","potentialAction":[{"@type":"ReadAction","target":["https:\/\/oval.co\/latam-es\/terms-of-use\/"]}]},{"@type":"WebSite","@id":"https:\/\/oval.co\/latam-es\/#website","url":"https:\/\/oval.co\/latam-es\/","name":"Oval - ES","description":"","potentialAction":[{"@type":"SearchAction","target":{"@type":"EntryPoint","urlTemplate":"https:\/\/oval.co\/latam-es\/?s={search_term_string}"},"query-input":"required name=search_term_string"}],"inLanguage":"es"}]}},"_links":{"self":[{"href":"https:\/\/oval.co\/latam-es\/wp-json\/wp\/v2\/pages\/35"}],"collection":[{"href":"https:\/\/oval.co\/latam-es\/wp-json\/wp\/v2\/pages"}],"about":[{"href":"https:\/\/oval.co\/latam-es\/wp-json\/wp\/v2\/types\/page"}],"author":[{"embeddable":true,"href":"https:\/\/oval.co\/latam-es\/wp-json\/wp\/v2\/users\/1"}],"replies":[{"embeddable":true,"href":"https:\/\/oval.co\/latam-es\/wp-json\/wp\/v2\/comments?post=35"}],"version-history":[{"count":3,"href":"https:\/\/oval.co\/latam-es\/wp-json\/wp\/v2\/pages\/35\/revisions"}],"predecessor-version":[{"id":1157,"href":"https:\/\/oval.co\/latam-es\/wp-json\/wp\/v2\/pages\/35\/revisions\/1157"}],"wp:attachment":[{"href":"https:\/\/oval.co\/latam-es\/wp-json\/wp\/v2\/media?parent=35"}],"curies":[{"name":"wp","href":"https:\/\/api.w.org\/{rel}","templated":true}]}}