{"id":4,"date":"2023-10-31T22:43:38","date_gmt":"2023-10-31T22:43:38","guid":{"rendered":"https:\/\/oval.co\/latam-es\/?page_id=4"},"modified":"2026-03-03T18:38:56","modified_gmt":"2026-03-03T18:38:56","slug":"somos-oval","status":"publish","type":"page","link":"https:\/\/oval.co\/latam-es\/","title":{"rendered":"Homepage"},"content":{"rendered":"\n\n  <section class=\"main-hero main-hero--full-height\">\n    <div class=\"main-hero__bg\">\n      <img decoding=\"async\" src=\"https:\/\/oval.co\/latam-es\/wp-content\/uploads\/sites\/5\/2023\/11\/hero-bg.jpg\" alt=\"\" class=\"img-fit\" style=\"width: 100%;\">\n    <\/div>\n    <div class=\"container main-hero__uvp rellax\" data-rellax-speed=\"-8\">\n            <h1 class=\"main-hero__title\">Movimiento que genera valor<\/h1>\n      <p>Consultor\u00eda Gerencial, movilizamos el cambio en las organizaciones.<\/p>\n              <a class=\"btn btn--dark\" target=\"_self\" href=\"https:\/\/oval.co\/latam-es\/nosotros\/\">CONOCE M\u00c1S<\/a>\n          <\/div>\n\n  <\/section>\n\n\n\n\n\n\n  <section class=\"numbers courved-section\">\n    <div class=\"container flex-layout justify-around\">\n                <div class=\"numbers__item\">\n            <h3>+<span>600<\/span><\/h3>\n            <h4>Clientes<\/h4>\n          <\/div>\n                <div class=\"numbers__item\">\n            <h3>+<span>50<\/span><\/h3>\n            <h4>Consultores <\/h4>\n          <\/div>\n                <div class=\"numbers__item\">\n            <h3>+<span>1300<\/span><\/h3>\n            <h4>Proyectos<\/h4>\n          <\/div>\n                <div class=\"numbers__item\">\n            <h3>+<span>26<\/span> a\u00f1os<\/h3>\n            <h4>de experiencia<\/h4>\n          <\/div>\n          <\/div>\n  <\/section>\n\n\n\n\n\n\n  <section class=\"alternate-blocks courved-section\">\n    <div class=\"container\">\n                <article class=\"alternate-block\">\n            <figure class=\"alternate-block__image animate-fade top\">\n              <img class=\"img-fit\" data-src=\"https:\/\/oval.co\/latam-es\/wp-content\/uploads\/sites\/5\/2023\/11\/quad-image.jpg\" alt=\"\"  >            <\/figure>\n            <div class=\"alternate-block__text\">\n              <h2>Con nuestros servicios de consultor\u00eda ponemos en movimiento tu organizaci\u00f3n.<\/h2>\n                              <a class=\"btn\" target=\"_self\" href=\"https:\/\/oval.co\/latam-es\/nuestra-experiencia\/serivicios\/\">VER M\u00c1S<\/a>\n                          <\/div>\n          <\/article>\n                <article class=\"alternate-block\">\n            <figure class=\"alternate-block__image animate-fade top\">\n              <img class=\"img-fit\" data-src=\"https:\/\/oval.co\/latam-es\/wp-content\/uploads\/sites\/5\/2024\/02\/Oval_management-consulting-firm_12-min.png\" alt=\"Oval_management_Consulting_firm\"  >            <\/figure>\n            <div class=\"alternate-block__text\">\n              <h2>Colaboramos con las organizaciones en la creaci\u00f3n de soluciones factibles y ejecutables.<\/h2>\n                              <a class=\"btn\" target=\"_self\" href=\"https:\/\/oval.co\/latam-es\/nuestra-experiencia\/oferta-de-valor\/\">VER M\u00c1S<\/a>\n                          <\/div>\n          <\/article>\n          <\/div>\n  <\/section>\n\n\n\n\n\n\n  <section class=\"logo-carousel courved-section\">\n    <div class=\"container\">\n      <div class=\"logo-carousel__text text-center\">\n        <h2>Alianzas<\/h2>\n        <p style=\"text-align: center\"><strong>Increate<\/strong><\/p>\n<p>Integramos la consultor\u00eda de negocios convencional con aliados especializados para reforzar nuestra propuesta de valor.<\/p>\n\n      <\/div>\n\n      <div class=\"logo-carousel__slider\">\n                  <div class=\"slide\">\n            <a href=\"https:\/\/www.nextminder.com\/\" target=\"_blank\">              <img decoding=\"async\" class=\"\" src=\"https:\/\/oval.co\/latam-es\/wp-content\/uploads\/sites\/5\/2025\/03\/next_minder.png\" alt=\"\"  >              <\/a>          <\/div>\n                  <div class=\"slide\">\n            <a href=\"https:\/\/www.kudaw.com\/es\" target=\"_blank\">              <img decoding=\"async\" class=\"\" src=\"https:\/\/oval.co\/latam-es\/wp-content\/uploads\/sites\/5\/2024\/04\/KUDAW.png\" alt=\"\"  >              <\/a>          <\/div>\n                  <div class=\"slide\">\n            <a href=\"https:\/\/www.viaciencia.com\/\" target=\"_blank\">              <img decoding=\"async\" class=\"\" src=\"https:\/\/oval.co\/latam-es\/wp-content\/uploads\/sites\/5\/2024\/04\/viaciencia-fotor-bg-remover-20240401152641.png\" alt=\"\"  >              <\/a>          <\/div>\n              <\/div>\n\n      <div class=\"logo-carousel__link text-center\">\n                  <a class=\"btn\" target=\"_self\" href=\"https:\/\/oval.co\/latam-es\/nosotros\/partnerships\/\">VER M\u00c1S<\/a>\n              <\/div>\n    <\/div>\n  <\/section>\n\n\n\n\n\n\n  <section class=\"logo-carousel courved-section\">\n    <div class=\"container\">\n      <div class=\"logo-carousel__text text-center\">\n        <h2>Firmas similares en la regi\u00f3n<\/h2>\n        <p>Mantenemos asociaciones con empresas de consultor\u00eda de gesti\u00f3n que comparten nuestra visi\u00f3n y enriquecen nuestra propuesta de valor.<\/p>\n\n      <\/div>\n\n      <div class=\"logo-carousel__slider\">\n                  <div class=\"slide\">\n            <a href=\"https:\/\/aluzian.com\/\" target=\"_blank\">              <img decoding=\"async\" class=\"\" src=\"https:\/\/oval.co\/latam-es\/wp-content\/uploads\/sites\/5\/2024\/04\/aluzian-6.png\" alt=\"\"  >              <\/a>          <\/div>\n                  <div class=\"slide\">\n            <a href=\"https:\/\/www.apieceofpie.com\/\" target=\"_blank\">              <img decoding=\"async\" class=\"\" src=\"https:\/\/oval.co\/latam-es\/wp-content\/uploads\/sites\/5\/2024\/04\/a_piece_of_pie-4.png\" alt=\"\"  >              <\/a>          <\/div>\n                  <div class=\"slide\">\n            <a href=\"https:\/\/www.adv-la.com\/\" target=\"_blank\">              <img decoding=\"async\" class=\"\" src=\"https:\/\/oval.co\/latam-es\/wp-content\/uploads\/sites\/5\/2024\/04\/advantis-4.png\" alt=\"\"  >              <\/a>          <\/div>\n                  <div class=\"slide\">\n            <a href=\"https:\/\/montblancchile.com\/\" target=\"_blank\">              <img decoding=\"async\" class=\"\" src=\"https:\/\/oval.co\/latam-es\/wp-content\/uploads\/sites\/5\/2024\/04\/montblanc-3.png\" alt=\"\"  >              <\/a>          <\/div>\n              <\/div>\n\n      <div class=\"logo-carousel__link text-center\">\n                  <a class=\"btn\" target=\"_self\" href=\"https:\/\/oval.co\/latam-es\/nosotros\/partnerships\/\">VER M\u00c1S<\/a>\n              <\/div>\n    <\/div>\n  <\/section>\n\n\n","protected":false},"excerpt":{"rendered":"","protected":false},"author":1,"featured_media":0,"parent":0,"menu_order":0,"comment_status":"closed","ping_status":"closed","template":"","meta":{"footnotes":""},"acf":[],"yoast_head":"<!-- This site is optimized with the Yoast SEO plugin v22.4 - https:\/\/yoast.com\/wordpress\/plugins\/seo\/ -->\n<title>Homepage - Oval - ES<\/title>\n<meta name=\"description\" content=\"Somos la firma de consultor\u00eda gerencial que moviliza el cambio en las organizaciones.\" \/>\n<meta name=\"robots\" content=\"index, follow, max-snippet:-1, max-image-preview:large, max-video-preview:-1\" \/>\n<link rel=\"canonical\" href=\"https:\/\/oval.co\/latam-es\/\" \/>\n<meta property=\"og:locale\" content=\"es_ES\" \/>\n<meta property=\"og:type\" content=\"article\" \/>\n<meta property=\"og:title\" content=\"Homepage - Oval - ES\" \/>\n<meta property=\"og:description\" content=\"Somos la firma de consultor\u00eda gerencial que moviliza el cambio en las organizaciones.\" \/>\n<meta property=\"og:url\" content=\"https:\/\/oval.co\/latam-es\/\" \/>\n<meta property=\"og:site_name\" content=\"Oval - ES\" \/>\n<meta property=\"article:modified_time\" content=\"2026-03-03T18:38:56+00:00\" \/>\n<meta name=\"twitter:card\" content=\"summary_large_image\" \/>\n<script type=\"application\/ld+json\" class=\"yoast-schema-graph\">{\"@context\":\"https:\/\/schema.org\",\"@graph\":[{\"@type\":\"WebPage\",\"@id\":\"https:\/\/oval.co\/latam-es\/\",\"url\":\"https:\/\/oval.co\/latam-es\/\",\"name\":\"Homepage - Oval - ES\",\"isPartOf\":{\"@id\":\"https:\/\/oval.co\/latam-es\/#website\"},\"datePublished\":\"2023-10-31T22:43:38+00:00\",\"dateModified\":\"2026-03-03T18:38:56+00:00\",\"description\":\"Somos la firma de consultor\u00eda gerencial que moviliza el cambio en las organizaciones.\",\"inLanguage\":\"es\",\"potentialAction\":[{\"@type\":\"ReadAction\",\"target\":[\"https:\/\/oval.co\/latam-es\/\"]}]},{\"@type\":\"WebSite\",\"@id\":\"https:\/\/oval.co\/latam-es\/#website\",\"url\":\"https:\/\/oval.co\/latam-es\/\",\"name\":\"Oval - ES\",\"description\":\"\",\"potentialAction\":[{\"@type\":\"SearchAction\",\"target\":{\"@type\":\"EntryPoint\",\"urlTemplate\":\"https:\/\/oval.co\/latam-es\/?s={search_term_string}\"},\"query-input\":\"required name=search_term_string\"}],\"inLanguage\":\"es\"}]}<\/script>\n<!-- \/ Yoast SEO plugin. -->","yoast_head_json":{"title":"Homepage - Oval - ES","description":"Somos la firma de consultor\u00eda gerencial que moviliza el cambio en las organizaciones.","robots":{"index":"index","follow":"follow","max-snippet":"max-snippet:-1","max-image-preview":"max-image-preview:large","max-video-preview":"max-video-preview:-1"},"canonical":"https:\/\/oval.co\/latam-es\/","og_locale":"es_ES","og_type":"article","og_title":"Homepage - Oval - ES","og_description":"Somos la firma de consultor\u00eda gerencial que moviliza el cambio en las organizaciones.","og_url":"https:\/\/oval.co\/latam-es\/","og_site_name":"Oval - ES","article_modified_time":"2026-03-03T18:38:56+00:00","twitter_card":"summary_large_image","schema":{"@context":"https:\/\/schema.org","@graph":[{"@type":"WebPage","@id":"https:\/\/oval.co\/latam-es\/","url":"https:\/\/oval.co\/latam-es\/","name":"Homepage - Oval - ES","isPartOf":{"@id":"https:\/\/oval.co\/latam-es\/#website"},"datePublished":"2023-10-31T22:43:38+00:00","dateModified":"2026-03-03T18:38:56+00:00","description":"Somos la firma de consultor\u00eda gerencial que moviliza el cambio en las organizaciones.","inLanguage":"es","potentialAction":[{"@type":"ReadAction","target":["https:\/\/oval.co\/latam-es\/"]}]},{"@type":"WebSite","@id":"https:\/\/oval.co\/latam-es\/#website","url":"https:\/\/oval.co\/latam-es\/","name":"Oval - ES","description":"","potentialAction":[{"@type":"SearchAction","target":{"@type":"EntryPoint","urlTemplate":"https:\/\/oval.co\/latam-es\/?s={search_term_string}"},"query-input":"required name=search_term_string"}],"inLanguage":"es"}]}},"_links":{"self":[{"href":"https:\/\/oval.co\/latam-es\/wp-json\/wp\/v2\/pages\/4"}],"collection":[{"href":"https:\/\/oval.co\/latam-es\/wp-json\/wp\/v2\/pages"}],"about":[{"href":"https:\/\/oval.co\/latam-es\/wp-json\/wp\/v2\/types\/page"}],"author":[{"embeddable":true,"href":"https:\/\/oval.co\/latam-es\/wp-json\/wp\/v2\/users\/1"}],"replies":[{"embeddable":true,"href":"https:\/\/oval.co\/latam-es\/wp-json\/wp\/v2\/comments?post=4"}],"version-history":[{"count":132,"href":"https:\/\/oval.co\/latam-es\/wp-json\/wp\/v2\/pages\/4\/revisions"}],"predecessor-version":[{"id":1458,"href":"https:\/\/oval.co\/latam-es\/wp-json\/wp\/v2\/pages\/4\/revisions\/1458"}],"wp:attachment":[{"href":"https:\/\/oval.co\/latam-es\/wp-json\/wp\/v2\/media?parent=4"}],"curies":[{"name":"wp","href":"https:\/\/api.w.org\/{rel}","templated":true}]}}