{"id":7,"date":"2023-10-31T22:43:56","date_gmt":"2023-10-31T22:43:56","guid":{"rendered":"https:\/\/oval.co\/latam-es\/?page_id=7"},"modified":"2024-04-02T14:41:09","modified_gmt":"2024-04-02T14:41:09","slug":"nosotros","status":"publish","type":"page","link":"https:\/\/oval.co\/latam-es\/nosotros\/","title":{"rendered":"Nosotros"},"content":{"rendered":"\n\n  <section class=\"main-hero main-hero--large\">\n    <div class=\"main-hero__bg\">\n      <img decoding=\"async\" src=\"https:\/\/oval.co\/latam-es\/wp-content\/uploads\/sites\/5\/2023\/11\/Oval_Careers-1.jpg\" alt=\"\" class=\"img-fit\" style=\"width: 100%;\">\n    <\/div>\n    <div class=\"container main-hero__uvp rellax\" data-rellax-speed=\"-8\">\n            <h1 class=\"main-hero__title\">Somos Oval<\/h1>\n      <p>La firma de consultor\u00eda gerencial, que pone en movimiento las conversaciones dif\u00edciles de las organizaciones.<\/p>\n          <\/div>\n\n  <\/section>\n\n\n\n\n\n\n  <section class=\"alternate-sections bg-type-1\">\n            <article class=\"alternate-section courved-section\">\n          <div class=\"container\">\n            <div class=\"flex-layout align-items-center alternate-section__inner\">\n              <figure class=\"alternate-section__image animate-fade top\">\n                <img decoding=\"async\" class=\"img-full\" src=\"https:\/\/oval.co\/latam-es\/wp-content\/uploads\/sites\/5\/2024\/02\/Oval_management-consulting-firm_11-min.png\" alt=\"Oval_Managemente_consulting_firm\"  >              <\/figure>\n              <div class=\"alternate-section__text\">\n                <h2>Acerca de nosotros<\/h2>\n                <p>Impulsamos la transformaci\u00f3n de las organizaciones, las guiamos para tomar decisiones y las acompa\u00f1amos para hacer sus cambios realidad, apoy\u00e1ndonos en estrategias de consultor\u00eda efectivas que permitan lograr el \u00e9xito de las empresas.<\/p>\n                                  <a class=\"btn\" target=\"_self\" href=\"https:\/\/oval.co\/latam-es\/nosotros\/quienes-somos\/\">VER M\u00c1S<\/a>\n                              <\/div>\n            <\/div>\n          <\/div>\n        <\/article>\n            <article class=\"alternate-section courved-section\">\n          <div class=\"container\">\n            <div class=\"flex-layout align-items-center alternate-section__inner\">\n              <figure class=\"alternate-section__image animate-fade top\">\n                <img decoding=\"async\" class=\"img-full\" src=\"https:\/\/oval.co\/latam-es\/wp-content\/uploads\/sites\/5\/2024\/02\/Oval_management-consulting-firm_10-min.png\" alt=\"Oval_Management_consulting_firm\"  >              <\/figure>\n              <div class=\"alternate-section__text\">\n                <h2>Prop\u00f3sito y Cultura<\/h2>\n                <p>En Oval creemos que en el movimiento est\u00e1 el cambio para transformar organizaciones y encontrar su mayor potencial. Por eso brindamos a nuestros clientes soluciones pr\u00e1cticas, basadas en el an\u00e1lisis de datos y en el trabajo con las personas como protagonistas del cambio.<\/p>\n                                  <a class=\"btn\" target=\"_self\" href=\"https:\/\/oval.co\/latam-es\/nosotros\/proposito-y-cultura\/\">VER M\u00c1S<\/a>\n                              <\/div>\n            <\/div>\n          <\/div>\n        <\/article>\n            <article class=\"alternate-section courved-section\">\n          <div class=\"container\">\n            <div class=\"flex-layout align-items-center alternate-section__inner\">\n              <figure class=\"alternate-section__image animate-fade top\">\n                <img decoding=\"async\" class=\"img-full\" src=\"https:\/\/oval.co\/latam-es\/wp-content\/uploads\/sites\/5\/2024\/02\/Oval_management-consulting-firm_9-min.png\" alt=\"Oval_Management_consulting_firm\"  >              <\/figure>\n              <div class=\"alternate-section__text\">\n                <h2>Nuestra Gente<\/h2>\n                <p>Nuestro compromiso es garantizar un equipo multidisciplinario altamente calificado, con conocimientos en estrategia de negocio y anal\u00edtica de datos y con una alta conexi\u00f3n humana, para que junto a nuestros clientes construyan soluciones, procesos y metodolog\u00edas reales, que permitan tener resultados tangibles y \u00e9xitos medibles para todos los negocios.<\/p>\n                                  <a class=\"btn\" target=\"_self\" href=\"https:\/\/oval.co\/latam-es\/nosotros\/nuestro-equipo\/\">VER M\u00c1S<\/a>\n                              <\/div>\n            <\/div>\n          <\/div>\n        <\/article>\n      <\/section>\n\n\n\n\n\n<p><\/p>\n","protected":false},"excerpt":{"rendered":"","protected":false},"author":1,"featured_media":0,"parent":0,"menu_order":0,"comment_status":"closed","ping_status":"closed","template":"","meta":{"footnotes":""},"acf":[],"yoast_head":"<!-- This site is optimized with the Yoast SEO plugin v22.4 - https:\/\/yoast.com\/wordpress\/plugins\/seo\/ -->\n<title>Nosotros - Oval - ES<\/title>\n<meta name=\"description\" content=\"Somos una consultora gerencial que impulsa la transformaci\u00f3n de las organizaciones\" \/>\n<meta name=\"robots\" content=\"index, follow, max-snippet:-1, max-image-preview:large, max-video-preview:-1\" \/>\n<link rel=\"canonical\" href=\"https:\/\/oval.co\/latam-es\/nosotros\/\" \/>\n<meta property=\"og:locale\" content=\"es_ES\" \/>\n<meta property=\"og:type\" content=\"article\" \/>\n<meta property=\"og:title\" content=\"Nosotros - Oval - ES\" \/>\n<meta property=\"og:description\" content=\"Somos una consultora gerencial que impulsa la transformaci\u00f3n de las organizaciones\" \/>\n<meta property=\"og:url\" content=\"https:\/\/oval.co\/latam-es\/nosotros\/\" \/>\n<meta property=\"og:site_name\" content=\"Oval - ES\" \/>\n<meta property=\"article:modified_time\" content=\"2024-04-02T14:41:09+00:00\" \/>\n<meta name=\"twitter:card\" content=\"summary_large_image\" \/>\n<script type=\"application\/ld+json\" class=\"yoast-schema-graph\">{\"@context\":\"https:\/\/schema.org\",\"@graph\":[{\"@type\":\"WebPage\",\"@id\":\"https:\/\/oval.co\/latam-es\/nosotros\/\",\"url\":\"https:\/\/oval.co\/latam-es\/nosotros\/\",\"name\":\"Nosotros - Oval - ES\",\"isPartOf\":{\"@id\":\"https:\/\/oval.co\/latam-es\/#website\"},\"datePublished\":\"2023-10-31T22:43:56+00:00\",\"dateModified\":\"2024-04-02T14:41:09+00:00\",\"description\":\"Somos una consultora gerencial que impulsa la transformaci\u00f3n de las organizaciones\",\"inLanguage\":\"es\",\"potentialAction\":[{\"@type\":\"ReadAction\",\"target\":[\"https:\/\/oval.co\/latam-es\/nosotros\/\"]}]},{\"@type\":\"WebSite\",\"@id\":\"https:\/\/oval.co\/latam-es\/#website\",\"url\":\"https:\/\/oval.co\/latam-es\/\",\"name\":\"Oval - ES\",\"description\":\"\",\"potentialAction\":[{\"@type\":\"SearchAction\",\"target\":{\"@type\":\"EntryPoint\",\"urlTemplate\":\"https:\/\/oval.co\/latam-es\/?s={search_term_string}\"},\"query-input\":\"required name=search_term_string\"}],\"inLanguage\":\"es\"}]}<\/script>\n<!-- \/ Yoast SEO plugin. -->","yoast_head_json":{"title":"Nosotros - Oval - ES","description":"Somos una consultora gerencial que impulsa la transformaci\u00f3n de las organizaciones","robots":{"index":"index","follow":"follow","max-snippet":"max-snippet:-1","max-image-preview":"max-image-preview:large","max-video-preview":"max-video-preview:-1"},"canonical":"https:\/\/oval.co\/latam-es\/nosotros\/","og_locale":"es_ES","og_type":"article","og_title":"Nosotros - Oval - ES","og_description":"Somos una consultora gerencial que impulsa la transformaci\u00f3n de las organizaciones","og_url":"https:\/\/oval.co\/latam-es\/nosotros\/","og_site_name":"Oval - ES","article_modified_time":"2024-04-02T14:41:09+00:00","twitter_card":"summary_large_image","schema":{"@context":"https:\/\/schema.org","@graph":[{"@type":"WebPage","@id":"https:\/\/oval.co\/latam-es\/nosotros\/","url":"https:\/\/oval.co\/latam-es\/nosotros\/","name":"Nosotros - Oval - ES","isPartOf":{"@id":"https:\/\/oval.co\/latam-es\/#website"},"datePublished":"2023-10-31T22:43:56+00:00","dateModified":"2024-04-02T14:41:09+00:00","description":"Somos una consultora gerencial que impulsa la transformaci\u00f3n de las organizaciones","inLanguage":"es","potentialAction":[{"@type":"ReadAction","target":["https:\/\/oval.co\/latam-es\/nosotros\/"]}]},{"@type":"WebSite","@id":"https:\/\/oval.co\/latam-es\/#website","url":"https:\/\/oval.co\/latam-es\/","name":"Oval - ES","description":"","potentialAction":[{"@type":"SearchAction","target":{"@type":"EntryPoint","urlTemplate":"https:\/\/oval.co\/latam-es\/?s={search_term_string}"},"query-input":"required name=search_term_string"}],"inLanguage":"es"}]}},"_links":{"self":[{"href":"https:\/\/oval.co\/latam-es\/wp-json\/wp\/v2\/pages\/7"}],"collection":[{"href":"https:\/\/oval.co\/latam-es\/wp-json\/wp\/v2\/pages"}],"about":[{"href":"https:\/\/oval.co\/latam-es\/wp-json\/wp\/v2\/types\/page"}],"author":[{"embeddable":true,"href":"https:\/\/oval.co\/latam-es\/wp-json\/wp\/v2\/users\/1"}],"replies":[{"embeddable":true,"href":"https:\/\/oval.co\/latam-es\/wp-json\/wp\/v2\/comments?post=7"}],"version-history":[{"count":49,"href":"https:\/\/oval.co\/latam-es\/wp-json\/wp\/v2\/pages\/7\/revisions"}],"predecessor-version":[{"id":1333,"href":"https:\/\/oval.co\/latam-es\/wp-json\/wp\/v2\/pages\/7\/revisions\/1333"}],"wp:attachment":[{"href":"https:\/\/oval.co\/latam-es\/wp-json\/wp\/v2\/media?parent=7"}],"curies":[{"name":"wp","href":"https:\/\/api.w.org\/{rel}","templated":true}]}}