{"id":868,"date":"2024-02-19T23:09:55","date_gmt":"2024-02-19T23:09:55","guid":{"rendered":"http:\/\/localhost\/oval\/us\/?page_id=547"},"modified":"2024-03-15T19:25:22","modified_gmt":"2024-03-15T19:25:22","slug":"beneficios","status":"publish","type":"page","link":"https:\/\/oval.co\/latam-es\/trabaja-con-nosotros\/beneficios\/","title":{"rendered":"Beneficios"},"content":{"rendered":"\n\n  <section class=\"main-hero main-hero--small\">\n    <div class=\"main-hero__bg\">\n      <img decoding=\"async\" src=\"https:\/\/oval.co\/latam-es\/wp-content\/uploads\/sites\/5\/2023\/11\/careers.jpg\" alt=\"\" class=\"img-fit\" style=\"width: 100%;\">\n    <\/div>\n    <div class=\"container main-hero__uvp rellax\" data-rellax-speed=\"-8\">\n      <span class=\"main-hero__subtitle\">TRABAJA CON NOSOTROS <\/span>      <h1 class=\"main-hero__title\">Beneficios<\/h1>\n                <\/div>\n\n  <\/section>\n\n\n\n\n\n\n  <section class=\"text-quad text-center text-quad--light-blue courved-section title-size-70\">\n    <div class=\"container\">\n      <h2>En Oval contamos con un equipo multidisciplinario que enfrenta retos creativos y metodol\u00f3gicos, convirti\u00e9ndonos en una compa\u00f1\u00eda s\u00f3lida y en constante crecimiento. <\/h2>\n          <\/div>\n\n  <\/section>\n\n\n\n\n\n\n  <section class=\"text-image-quad-2 courved-section\">\n    <div class=\"flex-layout\">\n      <div class=\"text-image-quad-2__image\">\n        <img decoding=\"async\" class=\"img-fit\" src=\"https:\/\/oval.co\/latam-es\/wp-content\/uploads\/sites\/5\/2024\/02\/Beneficios-Oval-min.jpg\" alt=\"\"  >      <\/div>\n      <div class=\"text-image-quad-2__text\">\n        <div class=\"text-image-quad-2__text-inner\">\n          <h2>Somos Oval<\/h2>\n          <p>Somos una firma de consultor\u00eda gerencial que pone en movimiento las conversaciones y decisiones dif\u00edciles de las empresas apoyados por un equipo multidisciplinario que emplea el pensamiento anal\u00edtico, la cercan\u00eda, la experiencia y los datos. Nuestro objetivo es hallar soluciones para los problemas m\u00e1s complejos y efectuar cambios profundos en las organizaciones.<\/p>\n        <\/div>\n      <\/div>\n    <\/div>\n  <\/section>\n\n\n\n\n\n<div class=\"wp-block-columns is-layout-flex wp-container-core-columns-is-layout-1 wp-block-columns-is-layout-flex\">\n<div class=\"wp-block-column is-layout-flow wp-block-column-is-layout-flow\" style=\"flex-basis:100%\">\n<div class=\"wp-block-group has-small-font-size\"><div class=\"wp-block-group__inner-container is-layout-constrained wp-block-group-is-layout-constrained\">\n\n  <section class=\"cards courved-section\">\n    <div class=\"container\">\n      <h2 class=\"text-center\">Dimensiones claves en nuestra oferta de valor:<\/h2>\n      <div class=\"flex-layout cards__row\">\n                    <article class=\"cards__item card animate-fade top animate-delay-0\">\n              <img decoding=\"async\" class=\"\" src=\"https:\/\/oval.co\/latam-es\/wp-content\/uploads\/sites\/5\/2024\/03\/Oval_Icon_3.png\" alt=\"\"  >              <h3>Formaci\u00f3n y Desarrollo <\/h3>\n              <p>Autonom\u00eda <span data-scheme-color=\"@4D4D4D,,\" data-usefontface=\"true\" data-contrast=\"none\">a trav\u00e9s del\u00a0<\/span><span data-scheme-color=\"@4D4D4D,,\" data-usefontface=\"true\" data-contrast=\"none\">involucramiento, formaci\u00f3n de competencias y habilidades para entender y resolver problemas complejos. <\/span><\/p>\n<p>Crecimiento y proyecci\u00f3n de carrera.<\/p>\n<p>\u200b<\/p>\n            <\/article>\n                    <article class=\"cards__item card animate-fade top animate-delay-1\">\n              <img decoding=\"async\" class=\"\" src=\"https:\/\/oval.co\/latam-es\/wp-content\/uploads\/sites\/5\/2024\/02\/Oval_Corazon.png\" alt=\"Oval\"  >              <h3>Bienestar\u00a0y Balance de Vida<\/h3>\n              <p><span data-scheme-color=\"@4D4D4D,,\" data-usefontface=\"true\" data-contrast=\"none\">Oportunidad para <\/span><span data-scheme-color=\"@4D4D4D,,\" data-usefontface=\"true\" data-contrast=\"none\">construir relaciones y\u00a0<\/span><span data-scheme-color=\"@4D4D4D,,\" data-usefontface=\"true\" data-contrast=\"none\">conexiones de largo plazo, facilitamos un ambiente de trabajo amable, sano y respetuoso. Garantizando un balance entre trabajo y tiempo personal.\u00a0<\/span><\/p>\n            <\/article>\n                    <article class=\"cards__item card animate-fade top animate-delay-2\">\n              <img decoding=\"async\" class=\"\" src=\"https:\/\/oval.co\/latam-es\/wp-content\/uploads\/sites\/5\/2024\/03\/Oval_Icon_2.png\" alt=\"\"  >              <h3>Compensaci\u00f3n y Beneficios\u00a0<\/h3>\n              <p>Competitividad<span data-scheme-color=\"@404040,,\" data-usefontface=\"true\" data-contrast=\"none\">\u00a0\u2013 modelo de\u00a0<\/span><span data-scheme-color=\"@404040,,\" data-usefontface=\"true\" data-contrast=\"none\">compensaci\u00f3n atractivo\u00a0<\/span><span data-scheme-color=\"@4D4D4D,,\" data-usefontface=\"true\" data-contrast=\"none\">que\u00a0<\/span><span data-scheme-color=\"@4D4D4D,,\" data-usefontface=\"true\" data-contrast=\"none\">reconoce el desarrollo\u00a0<\/span><span data-scheme-color=\"@4D4D4D,,\" data-usefontface=\"true\" data-contrast=\"none\">profesional de cada persona, <\/span>\u200b\u200bbeneficios adicionales y apoyo a formaci\u00f3n profesional.<\/p>\n            <\/article>\n                    <article class=\"cards__item card animate-fade top animate-delay-3\">\n              <img decoding=\"async\" class=\"\" src=\"https:\/\/oval.co\/latam-es\/wp-content\/uploads\/sites\/5\/2024\/03\/Oval_Icon_5.png\" alt=\"\"  >              <h3>Cultura y valores\u00a0 <\/h3>\n              <p>\u200bConfianza<span data-scheme-color=\"@0810B0,6,18:50000\" data-usefontface=\"true\" data-contrast=\"none\">\u00a0<\/span><span data-scheme-color=\"@404040,,\" data-usefontface=\"true\" data-contrast=\"none\">\u2013 relaciones cercanas,\u00a0<\/span><span data-scheme-color=\"@404040,,\" data-usefontface=\"true\" data-contrast=\"none\">con comunicaci\u00f3n abierta y\u00a0<\/span><span data-scheme-color=\"@404040,,\" data-usefontface=\"true\" data-contrast=\"none\">sincera entre los diferentes niveles y equipos, <\/span><span data-scheme-color=\"@404040,,\" data-usefontface=\"true\" data-contrast=\"none\">donde prime el <\/span><span data-scheme-color=\"@404040,,\" data-usefontface=\"true\" data-contrast=\"none\">inter\u00e9s com\u00fan, por encima del <\/span><span data-scheme-color=\"@404040,,\" data-usefontface=\"true\" data-contrast=\"none\">individual.<\/span><\/p>\n            <\/article>\n              <\/div>\n    <\/div>\n\n  <\/section>\n\n\n<\/div><\/div>\n<\/div>\n<\/div>\n","protected":false},"excerpt":{"rendered":"","protected":false},"author":1,"featured_media":0,"parent":27,"menu_order":0,"comment_status":"closed","ping_status":"closed","template":"","meta":{"footnotes":""},"acf":[],"yoast_head":"<!-- This site is optimized with the Yoast SEO plugin v22.4 - https:\/\/yoast.com\/wordpress\/plugins\/seo\/ -->\n<title>Beneficios - Oval - ES<\/title>\n<meta name=\"robots\" content=\"index, follow, max-snippet:-1, max-image-preview:large, max-video-preview:-1\" \/>\n<link rel=\"canonical\" href=\"https:\/\/oval.co\/latam-es\/trabaja-con-nosotros\/beneficios\/\" \/>\n<meta property=\"og:locale\" content=\"es_ES\" \/>\n<meta property=\"og:type\" content=\"article\" \/>\n<meta property=\"og:title\" content=\"Beneficios - Oval - ES\" \/>\n<meta property=\"og:url\" content=\"https:\/\/oval.co\/latam-es\/trabaja-con-nosotros\/beneficios\/\" \/>\n<meta property=\"og:site_name\" content=\"Oval - ES\" \/>\n<meta property=\"article:modified_time\" content=\"2024-03-15T19:25:22+00:00\" \/>\n<meta name=\"twitter:card\" content=\"summary_large_image\" \/>\n<script type=\"application\/ld+json\" class=\"yoast-schema-graph\">{\"@context\":\"https:\/\/schema.org\",\"@graph\":[{\"@type\":\"WebPage\",\"@id\":\"https:\/\/oval.co\/latam-es\/trabaja-con-nosotros\/beneficios\/\",\"url\":\"https:\/\/oval.co\/latam-es\/trabaja-con-nosotros\/beneficios\/\",\"name\":\"Beneficios - Oval - ES\",\"isPartOf\":{\"@id\":\"https:\/\/oval.co\/latam-es\/#website\"},\"datePublished\":\"2024-02-19T23:09:55+00:00\",\"dateModified\":\"2024-03-15T19:25:22+00:00\",\"breadcrumb\":{\"@id\":\"https:\/\/oval.co\/latam-es\/trabaja-con-nosotros\/beneficios\/#breadcrumb\"},\"inLanguage\":\"es\",\"potentialAction\":[{\"@type\":\"ReadAction\",\"target\":[\"https:\/\/oval.co\/latam-es\/trabaja-con-nosotros\/beneficios\/\"]}]},{\"@type\":\"BreadcrumbList\",\"@id\":\"https:\/\/oval.co\/latam-es\/trabaja-con-nosotros\/beneficios\/#breadcrumb\",\"itemListElement\":[{\"@type\":\"ListItem\",\"position\":1,\"name\":\"Trabaja con nosotros\",\"item\":\"https:\/\/oval.co\/latam-es\/trabaja-con-nosotros\/\"},{\"@type\":\"ListItem\",\"position\":2,\"name\":\"Beneficios\"}]},{\"@type\":\"WebSite\",\"@id\":\"https:\/\/oval.co\/latam-es\/#website\",\"url\":\"https:\/\/oval.co\/latam-es\/\",\"name\":\"Oval - ES\",\"description\":\"\",\"potentialAction\":[{\"@type\":\"SearchAction\",\"target\":{\"@type\":\"EntryPoint\",\"urlTemplate\":\"https:\/\/oval.co\/latam-es\/?s={search_term_string}\"},\"query-input\":\"required name=search_term_string\"}],\"inLanguage\":\"es\"}]}<\/script>\n<!-- \/ Yoast SEO plugin. -->","yoast_head_json":{"title":"Beneficios - Oval - ES","robots":{"index":"index","follow":"follow","max-snippet":"max-snippet:-1","max-image-preview":"max-image-preview:large","max-video-preview":"max-video-preview:-1"},"canonical":"https:\/\/oval.co\/latam-es\/trabaja-con-nosotros\/beneficios\/","og_locale":"es_ES","og_type":"article","og_title":"Beneficios - Oval - ES","og_url":"https:\/\/oval.co\/latam-es\/trabaja-con-nosotros\/beneficios\/","og_site_name":"Oval - ES","article_modified_time":"2024-03-15T19:25:22+00:00","twitter_card":"summary_large_image","schema":{"@context":"https:\/\/schema.org","@graph":[{"@type":"WebPage","@id":"https:\/\/oval.co\/latam-es\/trabaja-con-nosotros\/beneficios\/","url":"https:\/\/oval.co\/latam-es\/trabaja-con-nosotros\/beneficios\/","name":"Beneficios - Oval - ES","isPartOf":{"@id":"https:\/\/oval.co\/latam-es\/#website"},"datePublished":"2024-02-19T23:09:55+00:00","dateModified":"2024-03-15T19:25:22+00:00","breadcrumb":{"@id":"https:\/\/oval.co\/latam-es\/trabaja-con-nosotros\/beneficios\/#breadcrumb"},"inLanguage":"es","potentialAction":[{"@type":"ReadAction","target":["https:\/\/oval.co\/latam-es\/trabaja-con-nosotros\/beneficios\/"]}]},{"@type":"BreadcrumbList","@id":"https:\/\/oval.co\/latam-es\/trabaja-con-nosotros\/beneficios\/#breadcrumb","itemListElement":[{"@type":"ListItem","position":1,"name":"Trabaja con nosotros","item":"https:\/\/oval.co\/latam-es\/trabaja-con-nosotros\/"},{"@type":"ListItem","position":2,"name":"Beneficios"}]},{"@type":"WebSite","@id":"https:\/\/oval.co\/latam-es\/#website","url":"https:\/\/oval.co\/latam-es\/","name":"Oval - ES","description":"","potentialAction":[{"@type":"SearchAction","target":{"@type":"EntryPoint","urlTemplate":"https:\/\/oval.co\/latam-es\/?s={search_term_string}"},"query-input":"required name=search_term_string"}],"inLanguage":"es"}]}},"_links":{"self":[{"href":"https:\/\/oval.co\/latam-es\/wp-json\/wp\/v2\/pages\/868"}],"collection":[{"href":"https:\/\/oval.co\/latam-es\/wp-json\/wp\/v2\/pages"}],"about":[{"href":"https:\/\/oval.co\/latam-es\/wp-json\/wp\/v2\/types\/page"}],"author":[{"embeddable":true,"href":"https:\/\/oval.co\/latam-es\/wp-json\/wp\/v2\/users\/1"}],"replies":[{"embeddable":true,"href":"https:\/\/oval.co\/latam-es\/wp-json\/wp\/v2\/comments?post=868"}],"version-history":[{"count":13,"href":"https:\/\/oval.co\/latam-es\/wp-json\/wp\/v2\/pages\/868\/revisions"}],"predecessor-version":[{"id":1339,"href":"https:\/\/oval.co\/latam-es\/wp-json\/wp\/v2\/pages\/868\/revisions\/1339"}],"up":[{"embeddable":true,"href":"https:\/\/oval.co\/latam-es\/wp-json\/wp\/v2\/pages\/27"}],"wp:attachment":[{"href":"https:\/\/oval.co\/latam-es\/wp-json\/wp\/v2\/media?parent=868"}],"curies":[{"name":"wp","href":"https:\/\/api.w.org\/{rel}","templated":true}]}}