{"id":31,"date":"2023-10-31T22:55:24","date_gmt":"2023-10-31T22:55:24","guid":{"rendered":"https:\/\/oval.co\/us\/?page_id=31"},"modified":"2026-04-09T13:57:50","modified_gmt":"2026-04-09T13:57:50","slug":"contact","status":"publish","type":"page","link":"https:\/\/oval.co\/us\/contact\/","title":{"rendered":"Contact"},"content":{"rendered":"\n\n  <section class=\"main-hero main-hero--large\">\n    <div class=\"main-hero__bg\">\n      <img decoding=\"async\" src=\"https:\/\/oval.co\/us\/wp-content\/uploads\/sites\/3\/2024\/02\/Oval_management-consulting-firm_contact-min-scaled.jpg\" alt=\"Oval\" class=\"img-fit\" style=\"width: 100%;\">\n    <\/div>\n    <div class=\"container main-hero__uvp rellax\" data-rellax-speed=\"-8\">\n            <h1 class=\"main-hero__title\">Contact<\/h1>\n      <p>We appreciate your interest in working together. Get in touch with us to learn more about Oval. We offer a wide range of services to help grow your company and take it to the next level. We have the perfect formula to set your ideas in motion.<br \/>\n<span data-sheets-root=\"1\">Da el paso hacia una experiencia VIP jugando en <a class=\"in-cell-link\" href=\"https:\/\/midascasinos.es\/\" target=\"_blank\" rel=\"noopener\">casino midas espa\u00f1ol<\/a>. Las promociones del momento multiplican tu potencial, mientras la tradici\u00f3n del casino gu\u00eda cada jugada importante y t\u00fa persigue el gran premio con cabeza fr\u00eda. No esperes m\u00e1s: activa tu sesi\u00f3n y busca el jackpot.<\/span><\/p>\n          <\/div>\n\n  <\/section>\n\n\n\n\n\n\n  <section class=\"contact-form courved-section\">\n    <div class=\"container\">\n      <h2 class=\"text-center\">Get in touch with us<\/h2>\n      <div class=\"contact-form__content flex-layout\" id=\"contact-form-content\">\n        <div class=\"contact-form__image\">\n          <img decoding=\"async\" class=\"\" src=\"https:\/\/oval.co\/us\/wp-content\/uploads\/sites\/3\/2023\/11\/Oval_FormatosWeb-74-1.jpg\" alt=\"\"  >        <\/div>\n        <div class=\"contact-form__inner\">\n          <h3><\/h3>\n          \n<div class=\"wpcf7 no-js\" id=\"wpcf7-f485-o1\" lang=\"en-US\" dir=\"ltr\">\n<div class=\"screen-reader-response\"><p role=\"status\" aria-live=\"polite\" aria-atomic=\"true\"><\/p> <ul><\/ul><\/div>\n<form action=\"\/us\/wp-json\/wp\/v2\/pages\/31#wpcf7-f485-o1\" method=\"post\" class=\"wpcf7-form init\" aria-label=\"Contact form\" novalidate=\"novalidate\" data-status=\"init\">\n<div style=\"display: none;\">\n<input type=\"hidden\" name=\"_wpcf7\" value=\"485\" \/>\n<input type=\"hidden\" name=\"_wpcf7_version\" value=\"5.9.3\" \/>\n<input type=\"hidden\" name=\"_wpcf7_locale\" value=\"en_US\" \/>\n<input type=\"hidden\" name=\"_wpcf7_unit_tag\" value=\"wpcf7-f485-o1\" \/>\n<input type=\"hidden\" name=\"_wpcf7_container_post\" value=\"0\" \/>\n<input type=\"hidden\" name=\"_wpcf7_posted_data_hash\" value=\"\" \/>\n<input type=\"hidden\" name=\"_wpcf7_recaptcha_response\" value=\"\" \/>\n<\/div>\n<div class=\"field\">\n\t<p><label for=\"your-first-name\">Name<\/label><br \/>\n<span class=\"wpcf7-form-control-wrap\" data-name=\"your-first-name\"><input size=\"40\" class=\"wpcf7-form-control wpcf7-text wpcf7-validates-as-required\" aria-required=\"true\" aria-invalid=\"false\" placeholder=\"Name\" value=\"\" type=\"text\" name=\"your-first-name\" \/><\/span>\n\t<\/p>\n<\/div>\n<div class=\"field\">\n\t<p><label for=\"your-email\">Email Address<\/label><br \/>\n<span class=\"wpcf7-form-control-wrap\" data-name=\"your-email\"><input size=\"40\" class=\"wpcf7-form-control wpcf7-email wpcf7-validates-as-required wpcf7-text wpcf7-validates-as-email\" aria-required=\"true\" aria-invalid=\"false\" placeholder=\"Email address\" value=\"\" type=\"email\" name=\"your-email\" \/><\/span>\n\t<\/p>\n<\/div>\n<div class=\"field\">\n\t<p><label for=\"your-phone\">Phone Number<\/label><br \/>\n<span class=\"wpcf7-form-control-wrap\" data-name=\"your-phone\"><input size=\"40\" class=\"wpcf7-form-control wpcf7-phonetext wpcf7-validates-as-required wpcf7-text wpcf7-validates-as-phonetext\" aria-required=\"true\" aria-invalid=\"false\" placeholder=\"Phone number\" value=\"\" type=\"text\" name=\"your-phone\" \/><input type=\"hidden\" name=\"your-phone-country-code\" class=\"wpcf7-phonetext-country-code\" \/><\/span>\n\t<\/p>\n<\/div>\n<div class=\"field file-field\">\n\t<p><label for=\"message\">Message<\/label><br \/>\n<span class=\"wpcf7-form-control-wrap\" data-name=\"message\"><textarea cols=\"40\" rows=\"3\" class=\"wpcf7-form-control wpcf7-textarea\" aria-invalid=\"false\" placeholder=\"message\" name=\"message\"><\/textarea><\/span>\n\t<\/p>\n<\/div>\n<div>\n\t<p><button type=\"submit\" class=\"btn\">Submit<\/button>\n\t<\/p>\n<\/div><div class=\"wpcf7-response-output\" aria-hidden=\"true\"><\/div>\n<\/form>\n<\/div>\n        <\/div>\n      <\/div>\n\n      <div class=\"contact-form__response\" id=\"contact-form-response\">\n        <img decoding=\"async\" src=\"https:\/\/oval.co\/us\/wp-content\/themes\/oval-theme\/assets\/svg\/response-icon.svg\" alt=\"\">\n        <h2>Thank you, your message has been sent!<\/h2>\n        <p>We will get in touch to set your ideas in motion.<\/p>\n                  <a class=\"btn\" target=\"_self\" href=\"https:\/\/oval.co\/us\/\">Accept<\/a>\n              <\/div>\n    <\/div>\n  <\/section>\n\n\n","protected":false},"excerpt":{"rendered":"","protected":false},"author":1,"featured_media":0,"parent":0,"menu_order":0,"comment_status":"closed","ping_status":"closed","template":"","meta":{"footnotes":""},"acf":[],"yoast_head":"<!-- This site is optimized with the Yoast SEO plugin v22.4 - https:\/\/yoast.com\/wordpress\/plugins\/seo\/ -->\n<title>Contact - Oval - US<\/title>\n<meta name=\"description\" content=\"Check your availability and set aside time for us to meet with you and precisely understand your needs.\" \/>\n<meta name=\"robots\" content=\"index, follow, max-snippet:-1, max-image-preview:large, max-video-preview:-1\" \/>\n<link rel=\"canonical\" href=\"https:\/\/oval.co\/us\/contact\/\" \/>\n<meta property=\"og:locale\" content=\"en_US\" \/>\n<meta property=\"og:type\" content=\"article\" \/>\n<meta property=\"og:title\" content=\"Contact - Oval - US\" \/>\n<meta property=\"og:description\" content=\"Check your availability and set aside time for us to meet with you and precisely understand your needs.\" \/>\n<meta property=\"og:url\" content=\"https:\/\/oval.co\/us\/contact\/\" \/>\n<meta property=\"og:site_name\" content=\"Oval - US\" \/>\n<meta property=\"article:modified_time\" content=\"2026-04-09T13:57:50+00:00\" \/>\n<meta name=\"twitter:card\" content=\"summary_large_image\" \/>\n<script type=\"application\/ld+json\" class=\"yoast-schema-graph\">{\"@context\":\"https:\/\/schema.org\",\"@graph\":[{\"@type\":\"WebPage\",\"@id\":\"https:\/\/oval.co\/us\/contact\/\",\"url\":\"https:\/\/oval.co\/us\/contact\/\",\"name\":\"Contact - Oval - US\",\"isPartOf\":{\"@id\":\"https:\/\/oval.co\/us\/#website\"},\"datePublished\":\"2023-10-31T22:55:24+00:00\",\"dateModified\":\"2026-04-09T13:57:50+00:00\",\"description\":\"Check your availability and set aside time for us to meet with you and precisely understand your needs.\",\"inLanguage\":\"en-US\",\"potentialAction\":[{\"@type\":\"ReadAction\",\"target\":[\"https:\/\/oval.co\/us\/contact\/\"]}]},{\"@type\":\"WebSite\",\"@id\":\"https:\/\/oval.co\/us\/#website\",\"url\":\"https:\/\/oval.co\/us\/\",\"name\":\"Oval - US\",\"description\":\"\",\"potentialAction\":[{\"@type\":\"SearchAction\",\"target\":{\"@type\":\"EntryPoint\",\"urlTemplate\":\"https:\/\/oval.co\/us\/?s={search_term_string}\"},\"query-input\":\"required name=search_term_string\"}],\"inLanguage\":\"en-US\"}]}<\/script>\n<!-- \/ Yoast SEO plugin. -->","yoast_head_json":{"title":"Contact - Oval - US","description":"Check your availability and set aside time for us to meet with you and precisely understand your needs.","robots":{"index":"index","follow":"follow","max-snippet":"max-snippet:-1","max-image-preview":"max-image-preview:large","max-video-preview":"max-video-preview:-1"},"canonical":"https:\/\/oval.co\/us\/contact\/","og_locale":"en_US","og_type":"article","og_title":"Contact - Oval - US","og_description":"Check your availability and set aside time for us to meet with you and precisely understand your needs.","og_url":"https:\/\/oval.co\/us\/contact\/","og_site_name":"Oval - US","article_modified_time":"2026-04-09T13:57:50+00:00","twitter_card":"summary_large_image","schema":{"@context":"https:\/\/schema.org","@graph":[{"@type":"WebPage","@id":"https:\/\/oval.co\/us\/contact\/","url":"https:\/\/oval.co\/us\/contact\/","name":"Contact - Oval - US","isPartOf":{"@id":"https:\/\/oval.co\/us\/#website"},"datePublished":"2023-10-31T22:55:24+00:00","dateModified":"2026-04-09T13:57:50+00:00","description":"Check your availability and set aside time for us to meet with you and precisely understand your needs.","inLanguage":"en-US","potentialAction":[{"@type":"ReadAction","target":["https:\/\/oval.co\/us\/contact\/"]}]},{"@type":"WebSite","@id":"https:\/\/oval.co\/us\/#website","url":"https:\/\/oval.co\/us\/","name":"Oval - US","description":"","potentialAction":[{"@type":"SearchAction","target":{"@type":"EntryPoint","urlTemplate":"https:\/\/oval.co\/us\/?s={search_term_string}"},"query-input":"required name=search_term_string"}],"inLanguage":"en-US"}]}},"_links":{"self":[{"href":"https:\/\/oval.co\/us\/wp-json\/wp\/v2\/pages\/31"}],"collection":[{"href":"https:\/\/oval.co\/us\/wp-json\/wp\/v2\/pages"}],"about":[{"href":"https:\/\/oval.co\/us\/wp-json\/wp\/v2\/types\/page"}],"author":[{"embeddable":true,"href":"https:\/\/oval.co\/us\/wp-json\/wp\/v2\/users\/1"}],"replies":[{"embeddable":true,"href":"https:\/\/oval.co\/us\/wp-json\/wp\/v2\/comments?post=31"}],"version-history":[{"count":30,"href":"https:\/\/oval.co\/us\/wp-json\/wp\/v2\/pages\/31\/revisions"}],"predecessor-version":[{"id":5532,"href":"https:\/\/oval.co\/us\/wp-json\/wp\/v2\/pages\/31\/revisions\/5532"}],"wp:attachment":[{"href":"https:\/\/oval.co\/us\/wp-json\/wp\/v2\/media?parent=31"}],"curies":[{"name":"wp","href":"https:\/\/api.w.org\/{rel}","templated":true}]}}