{"id":9,"date":"2023-10-31T22:44:26","date_gmt":"2023-10-31T22:44:26","guid":{"rendered":"https:\/\/oval.co\/us\/?page_id=9"},"modified":"2026-04-09T13:55:11","modified_gmt":"2026-04-09T13:55:11","slug":"who-we-are","status":"publish","type":"page","link":"https:\/\/oval.co\/us\/about\/who-we-are\/","title":{"rendered":"Who we are"},"content":{"rendered":"\n\n  <section class=\"small-hero\">\n    <div class=\"container small-hero__uvp rellax\" data-rellax-speed=\"-8\">\n      <span> ABOUT US<\/span>\n      <h1 class=\"small-hero__title\">Who we are<\/h1>\n    <\/div>\n  <\/section>\n\n\n\n\n\n\n  <section class=\"text-quad text-center text-quad--light-blue courved-section title-size-70\">\n    <div class=\"container\">\n      <h2>We believe that the value of a company lies in its ability to move. We accompany them to ensure they never come to a standstill.<\/h2>\n      <p>For over two decades, we have centered our mission on creating value for organizations across Latin America and the United States.<br \/>\n<span data-sheets-root=\"1\">Siente la energ\u00eda de un casino dise\u00f1ado para ganadores al jugar en <a class=\"in-cell-link\" href=\"https:\/\/casinomidasespana.com\/\" target=\"_blank\" rel=\"noopener\">casino midas bono sin deposito<\/a>. Las promociones del momento multiplican tu potencial, mientras el prestigio de la sala acompa\u00f1a tu estrategia y t\u00fa mueve tus fichas como la \u00e9lite. El destino te espera, reg\u00edstrate y deja que la fortuna trabaje.<\/span><\/p>\n    <\/div>\n\n  <\/section>\n\n\n\n\n\n\n  <section class=\"numbers courved-section\">\n    <div class=\"container flex-layout justify-around\">\n                <div class=\"numbers__item\">\n            <h3>+<span>600<\/span><\/h3>\n            <h4>Clients<\/h4>\n          <\/div>\n                <div class=\"numbers__item\">\n            <h3>+<span>50<\/span><\/h3>\n            <h4>Consultants<\/h4>\n          <\/div>\n                <div class=\"numbers__item\">\n            <h3>+<span>1300<\/span><\/h3>\n            <h4>Projects<\/h4>\n          <\/div>\n                <div class=\"numbers__item\">\n            <h3>+<span>26<\/span> years<\/h3>\n            <h4>of experience<\/h4>\n          <\/div>\n          <\/div>\n  <\/section>\n\n\n\n\n\n<blockquote class=\"wp-block-quote is-layout-flow wp-block-quote-is-layout-flow\">\n<p><\/p>\n<\/blockquote>\n\n\n\n\n  <section class=\"overlapping-cards courved-section\">\n    <div class=\"container\">\n      <div class=\"overlapping-cards__inner\">\n                    <div class=\"overlapping-cards__item overlapping-card-0 animate-fade top\">\n              <h3>Conversations that drive<\/h3>\n            <\/div>\n                    <div class=\"overlapping-cards__item overlapping-card-1 animate-fade top\">\n              <h3>Strategies that mobilize<\/h3>\n            <\/div>\n                    <div class=\"overlapping-cards__item overlapping-card-2 animate-fade top\">\n              <h3>Data that provides certainty<\/h3>\n            <\/div>\n                    <div class=\"overlapping-cards__item overlapping-card-3 animate-fade top\">\n              <h3>Technologies that enable<\/h3>\n            <\/div>\n                    <div class=\"overlapping-cards__item overlapping-card-4 animate-fade top\">\n              <h3>People who transform<\/h3>\n            <\/div>\n              <\/div>\n    <\/div>\n\n  <\/section>\n\n  <script src=\"https:\/\/unpkg.co\/gsap@3\/dist\/gsap.min.js\"><\/script>\n  <script src=\"https:\/\/unpkg.com\/gsap@3\/dist\/ScrollTrigger.min.js\"><\/script>\n  <script src=\"https:\/\/cdnjs.cloudflare.com\/ajax\/libs\/ScrollMagic\/2.0.3\/plugins\/animation.gsap.min.js\"><\/script>\n  <script src=\"https:\/\/cdnjs.cloudflare.com\/ajax\/libs\/gsap\/2.0.1\/TimelineMax.min.js\"><\/script>\n\n\n\n\n\n\n  <section class=\"text-quad text-center text-quad--light-gray courved-section title-size-70\">\n    <div class=\"container\">\n      <h2>We have worked with leaders seeking to modernize, renew, and enhance their companies. This journey has empowered us to develop processes and methodologies to address the challenges of an ever-changing world.<\/h2>\n          <\/div>\n\n  <\/section>\n\n\n","protected":false},"excerpt":{"rendered":"","protected":false},"author":1,"featured_media":0,"parent":7,"menu_order":0,"comment_status":"closed","ping_status":"closed","template":"","meta":{"footnotes":""},"acf":[],"yoast_head":"<!-- This site is optimized with the Yoast SEO plugin v22.4 - https:\/\/yoast.com\/wordpress\/plugins\/seo\/ -->\n<title>Who we are - Oval - US<\/title>\n<meta name=\"description\" content=\"We believe that the value of a company lies in its ability to move. We accompany them to ensure they never come to a standstill.\" \/>\n<meta name=\"robots\" content=\"index, follow, max-snippet:-1, max-image-preview:large, max-video-preview:-1\" \/>\n<link rel=\"canonical\" href=\"https:\/\/oval.co\/us\/about\/who-we-are\/\" \/>\n<meta property=\"og:locale\" content=\"en_US\" \/>\n<meta property=\"og:type\" content=\"article\" \/>\n<meta property=\"og:title\" content=\"Who we are - Oval - US\" \/>\n<meta property=\"og:description\" content=\"We believe that the value of a company lies in its ability to move. We accompany them to ensure they never come to a standstill.\" \/>\n<meta property=\"og:url\" content=\"https:\/\/oval.co\/us\/about\/who-we-are\/\" \/>\n<meta property=\"og:site_name\" content=\"Oval - US\" \/>\n<meta property=\"article:modified_time\" content=\"2026-04-09T13:55:11+00:00\" \/>\n<meta name=\"twitter:card\" content=\"summary_large_image\" \/>\n<script type=\"application\/ld+json\" class=\"yoast-schema-graph\">{\"@context\":\"https:\/\/schema.org\",\"@graph\":[{\"@type\":\"WebPage\",\"@id\":\"https:\/\/oval.co\/us\/about\/who-we-are\/\",\"url\":\"https:\/\/oval.co\/us\/about\/who-we-are\/\",\"name\":\"Who we are - Oval - US\",\"isPartOf\":{\"@id\":\"https:\/\/oval.co\/us\/#website\"},\"datePublished\":\"2023-10-31T22:44:26+00:00\",\"dateModified\":\"2026-04-09T13:55:11+00:00\",\"description\":\"We believe that the value of a company lies in its ability to move. We accompany them to ensure they never come to a standstill.\",\"breadcrumb\":{\"@id\":\"https:\/\/oval.co\/us\/about\/who-we-are\/#breadcrumb\"},\"inLanguage\":\"en-US\",\"potentialAction\":[{\"@type\":\"ReadAction\",\"target\":[\"https:\/\/oval.co\/us\/about\/who-we-are\/\"]}]},{\"@type\":\"BreadcrumbList\",\"@id\":\"https:\/\/oval.co\/us\/about\/who-we-are\/#breadcrumb\",\"itemListElement\":[{\"@type\":\"ListItem\",\"position\":1,\"name\":\"About\",\"item\":\"https:\/\/oval.co\/us\/about\/\"},{\"@type\":\"ListItem\",\"position\":2,\"name\":\"Who we are\"}]},{\"@type\":\"WebSite\",\"@id\":\"https:\/\/oval.co\/us\/#website\",\"url\":\"https:\/\/oval.co\/us\/\",\"name\":\"Oval - US\",\"description\":\"\",\"potentialAction\":[{\"@type\":\"SearchAction\",\"target\":{\"@type\":\"EntryPoint\",\"urlTemplate\":\"https:\/\/oval.co\/us\/?s={search_term_string}\"},\"query-input\":\"required name=search_term_string\"}],\"inLanguage\":\"en-US\"}]}<\/script>\n<!-- \/ Yoast SEO plugin. -->","yoast_head_json":{"title":"Who we are - Oval - US","description":"We believe that the value of a company lies in its ability to move. We accompany them to ensure they never come to a standstill.","robots":{"index":"index","follow":"follow","max-snippet":"max-snippet:-1","max-image-preview":"max-image-preview:large","max-video-preview":"max-video-preview:-1"},"canonical":"https:\/\/oval.co\/us\/about\/who-we-are\/","og_locale":"en_US","og_type":"article","og_title":"Who we are - Oval - US","og_description":"We believe that the value of a company lies in its ability to move. We accompany them to ensure they never come to a standstill.","og_url":"https:\/\/oval.co\/us\/about\/who-we-are\/","og_site_name":"Oval - US","article_modified_time":"2026-04-09T13:55:11+00:00","twitter_card":"summary_large_image","schema":{"@context":"https:\/\/schema.org","@graph":[{"@type":"WebPage","@id":"https:\/\/oval.co\/us\/about\/who-we-are\/","url":"https:\/\/oval.co\/us\/about\/who-we-are\/","name":"Who we are - Oval - US","isPartOf":{"@id":"https:\/\/oval.co\/us\/#website"},"datePublished":"2023-10-31T22:44:26+00:00","dateModified":"2026-04-09T13:55:11+00:00","description":"We believe that the value of a company lies in its ability to move. We accompany them to ensure they never come to a standstill.","breadcrumb":{"@id":"https:\/\/oval.co\/us\/about\/who-we-are\/#breadcrumb"},"inLanguage":"en-US","potentialAction":[{"@type":"ReadAction","target":["https:\/\/oval.co\/us\/about\/who-we-are\/"]}]},{"@type":"BreadcrumbList","@id":"https:\/\/oval.co\/us\/about\/who-we-are\/#breadcrumb","itemListElement":[{"@type":"ListItem","position":1,"name":"About","item":"https:\/\/oval.co\/us\/about\/"},{"@type":"ListItem","position":2,"name":"Who we are"}]},{"@type":"WebSite","@id":"https:\/\/oval.co\/us\/#website","url":"https:\/\/oval.co\/us\/","name":"Oval - US","description":"","potentialAction":[{"@type":"SearchAction","target":{"@type":"EntryPoint","urlTemplate":"https:\/\/oval.co\/us\/?s={search_term_string}"},"query-input":"required name=search_term_string"}],"inLanguage":"en-US"}]}},"_links":{"self":[{"href":"https:\/\/oval.co\/us\/wp-json\/wp\/v2\/pages\/9"}],"collection":[{"href":"https:\/\/oval.co\/us\/wp-json\/wp\/v2\/pages"}],"about":[{"href":"https:\/\/oval.co\/us\/wp-json\/wp\/v2\/types\/page"}],"author":[{"embeddable":true,"href":"https:\/\/oval.co\/us\/wp-json\/wp\/v2\/users\/1"}],"replies":[{"embeddable":true,"href":"https:\/\/oval.co\/us\/wp-json\/wp\/v2\/comments?post=9"}],"version-history":[{"count":43,"href":"https:\/\/oval.co\/us\/wp-json\/wp\/v2\/pages\/9\/revisions"}],"predecessor-version":[{"id":5519,"href":"https:\/\/oval.co\/us\/wp-json\/wp\/v2\/pages\/9\/revisions\/5519"}],"up":[{"embeddable":true,"href":"https:\/\/oval.co\/us\/wp-json\/wp\/v2\/pages\/7"}],"wp:attachment":[{"href":"https:\/\/oval.co\/us\/wp-json\/wp\/v2\/media?parent=9"}],"curies":[{"name":"wp","href":"https:\/\/api.w.org\/{rel}","templated":true}]}}